{"id":9560,"date":"2024-04-09T17:10:13","date_gmt":"2024-04-09T17:10:13","guid":{"rendered":"https:\/\/pluralensemble.com\/ensemble\/"},"modified":"2025-12-16T16:32:50","modified_gmt":"2025-12-16T16:32:50","slug":"ensemble","status":"publish","type":"page","link":"https:\/\/pluralensemble.com\/en\/ensemble\/","title":{"rendered":"ENSEMBLE"},"content":{"rendered":"\t\t<div data-elementor-type=\"wp-page\" data-elementor-id=\"9560\" class=\"elementor elementor-9560 elementor-34\">\n\t\t\t\t<div class=\"elementor-element elementor-element-cd61bab e-flex e-con-boxed e-con e-parent\" data-id=\"cd61bab\" data-element_type=\"container\">\n\t\t\t\t\t<div class=\"e-con-inner\">\n\t\t\t\t<div class=\"elementor-element elementor-element-3534083 elementor-widget elementor-widget-wgl-striped-services\" data-id=\"3534083\" data-element_type=\"widget\" data-widget_type=\"wgl-striped-services.default\">\n\t\t\t\t<div class=\"elementor-widget-container\">\n\t\t\t<div class=\"wgl-striped-services breakpoint_on-mobile\"><div class=\"service-item active\"><div class=\"service-image \" style=\"background-image: url(https:\/\/pluralensemble.com\/wp-content\/uploads\/2023\/07\/27-2-23-CNDM-005g7.jpg); background-position: top left; background-size: cover; \"><\/div><div class=\"service-item_content\"><\/div><\/div><div class=\"service-item\"><div class=\"service-image \" style=\"background-image: url(https:\/\/pluralensemble.com\/wp-content\/uploads\/2024\/05\/Viajes-PluralEnsemble_2.jpg); background-position: top center; background-size: cover; \"><\/div><div class=\"service-item_content\"><\/div><\/div><div class=\"service-item\"><div class=\"service-image \" style=\"background-image: url(https:\/\/pluralensemble.com\/wp-content\/uploads\/2024\/04\/soldado_1.jpg); background-position: top left; background-size: cover; \"><\/div><div class=\"service-item_content\"><\/div><\/div><\/div>\t\t<\/div>\n\t\t\t\t<\/div>\n\t\t\t\t\t<\/div>\n\t\t\t\t<\/div>\n\t\t<div class=\"elementor-element elementor-element-affb96f e-flex e-con-boxed e-con e-parent\" data-id=\"affb96f\" data-element_type=\"container\">\n\t\t\t\t\t<div class=\"e-con-inner\">\n\t\t\t\t<div class=\"elementor-element elementor-element-7e6fa13e elementor-drop-cap-yes elementor-drop-cap-view-default elementor-widget elementor-widget-text-editor\" data-id=\"7e6fa13e\" data-element_type=\"widget\" data-settings=\"{&quot;drop_cap&quot;:&quot;yes&quot;}\" data-widget_type=\"text-editor.default\">\n\t\t\t\t<div class=\"elementor-widget-container\">\n\t\t\t\t\t\t\t<h6><span class=\"font-511940\" style=\"color: var(--itconf-primary-color);\"><strong>PluralEnsemble<\/strong> is an instrumental ensemble specialized in 20th and 21st century music, founded by<strong> Fabi\u00e1n Panisello,<\/strong> its principal conductor.<\/span><\/h6><blockquote><p><span class=\"font-511940\">Always seeking the highest interpretative quality, it develops an annual season of concerts and tours, alternating the most demanding soloist repertoire with works for ensemble.<\/span><\/p><\/blockquote>\t\t\t\t\t\t<\/div>\n\t\t\t\t<\/div>\n\t\t\t\t\t<\/div>\n\t\t\t\t<\/div>\n\t\t<div class=\"elementor-element elementor-element-2d74990 e-flex e-con-boxed e-con e-parent\" data-id=\"2d74990\" data-element_type=\"container\">\n\t\t\t\t\t<div class=\"e-con-inner\">\n\t\t<div class=\"elementor-element elementor-element-c120930 e-con-full e-flex e-con e-child\" data-id=\"c120930\" data-element_type=\"container\">\n\t\t\t\t<div class=\"elementor-element elementor-element-7157faa elementor-widget elementor-widget-image\" data-id=\"7157faa\" data-element_type=\"widget\" data-widget_type=\"image.default\">\n\t\t\t\t<div class=\"elementor-widget-container\">\n\t\t\t\t\t\t\t\t\t\t\t\t\t<img fetchpriority=\"high\" decoding=\"async\" width=\"1024\" height=\"683\" src=\"https:\/\/pluralensemble.com\/wp-content\/uploads\/2024\/04\/Foto-no-030.jpg\" class=\"attachment-large size-large wp-image-7788\" alt=\"\" srcset=\"https:\/\/pluralensemble.com\/wp-content\/uploads\/2024\/04\/Foto-no-030.jpg 1024w, https:\/\/pluralensemble.com\/wp-content\/uploads\/2024\/04\/Foto-no-030-300x200.jpg 300w, https:\/\/pluralensemble.com\/wp-content\/uploads\/2024\/04\/Foto-no-030-768x512.jpg 768w\" sizes=\"(max-width: 1024px) 100vw, 1024px\" \/>\t\t\t\t\t\t\t\t\t\t\t\t\t<\/div>\n\t\t\t\t<\/div>\n\t\t\t\t<\/div>\n\t\t<div class=\"elementor-element elementor-element-0cf987c e-con-full e-flex e-con e-child\" data-id=\"0cf987c\" data-element_type=\"container\">\n\t\t\t\t<div class=\"elementor-element elementor-element-3a31c46 elementor-widget elementor-widget-text-editor\" data-id=\"3a31c46\" data-element_type=\"widget\" data-widget_type=\"text-editor.default\">\n\t\t\t\t<div class=\"elementor-widget-container\">\n\t\t\t\t\t\t\t<p><span class=\"font-511940\">For the eleventh consecutive year, the <strong>BBVA Foundation Contemporary Music Concert Series is being held at the National Music Auditorium in Madrid<\/strong>, alongside the<strong> BBVA Foundation Soloists<\/strong> Series at its headquarters in the Palacio del Marqu\u00e9s de Salamanca. The ensemble regularly embarks on national and international tours.<\/span><\/p><p>Throughout its trajectory, it has achieved great critical and public acclaim at leading international specialized festivals such as the Shanghai New Music Week, Sound Ways in St. Petersburg, Musica in Strasbourg, Atempo in Caracas, Pr\u00e9sences in Paris, Ars Musica in Brussels, Manca in Nice, Spaziomusica in Cagliari, Aspekte in Salzburg, IFCP Mannes in New York, the Alicante Music Festival, the San Sebasti\u00e1n Musical Fortnight, the WDR series in Cologne, Nous Sons at the Auditori in Barcelona, the Warsaw Autumn Festival, Ultraschall, Konzerthaus Berlin, and Klangspuren Schwaz in Tyrol, among others.<\/p>\t\t\t\t\t\t<\/div>\n\t\t\t\t<\/div>\n\t\t\t\t<\/div>\n\t\t<div class=\"elementor-element elementor-element-bd358ae e-con-full e-flex e-con e-child\" data-id=\"bd358ae\" data-element_type=\"container\">\n\t\t\t\t<div class=\"elementor-element elementor-element-22c61dc elementor-widget elementor-widget-text-editor\" data-id=\"22c61dc\" data-element_type=\"widget\" data-widget_type=\"text-editor.default\">\n\t\t\t\t<div class=\"elementor-widget-container\">\n\t\t\t\t\t\t\t<p>It collaborates with artists such as Peter E\u00f6tv\u00f6s, Salome Kammer, Hilary Summers, Crist\u00f3bal Halffter, Marco Blaauw, J\u00f6rg Widmann, Dimitri Vassilakis, Nicholas Isherwood, Alda Caiello, Allison Bell, Jos\u00e9 Manuel L\u00f3pez L\u00f3pez, Siegfried Mauser, J\u00f6rg Widmann, Wolfgang Lischke, Cristian Baldini, Nicolas Altstaedt, Zsolt Nagy, C\u00e9sar Camarero, Jon Ketilsson, Pablo M\u00e1rquez, Charlotte Hellekant, Matthias Pintscher, Hansj\u00f6rg Schellenberger, Tadeusz Wielecki, Lorraine Vaillancourt, Marco Angius, Natalia Zagorinskaya, Peter Csaba, Johannes Kalitzke, Luis de Pablo, and Toshio Hosokawa.<span class=\"font-511940\"><\/span><\/p>\t\t\t\t\t\t<\/div>\n\t\t\t\t<\/div>\n\t\t\t\t<\/div>\n\t\t<div class=\"elementor-element elementor-element-5f6c1dd e-con-full e-flex e-con e-child\" data-id=\"5f6c1dd\" data-element_type=\"container\">\n\t\t\t\t<div class=\"elementor-element elementor-element-76bec06 elementor-widget elementor-widget-text-editor\" data-id=\"76bec06\" data-element_type=\"widget\" data-widget_type=\"text-editor.default\">\n\t\t\t\t<div class=\"elementor-widget-container\">\n\t\t\t\t\t\t\t<p>It has made numerous recordings for various European radio stations (WDR, RBB, RNE, RF, ORF, RTBF, Polish Radio, among many others), as well as discographic recordings for labels such as Col legno, Columna M\u00fasica, Verso, Cervantes, and NEOS.<\/p><p>In 2025, he received the Extraordinary Award for the Interpretation of Contemporary Music from the Madrid Association of Composers.<\/p><ul><li><span class=\"font-511940\"><strong>Artistic Director: Fabi\u00e1n Panisello<\/strong><\/span><\/li><li><span class=\"font-511940\"><strong>Technical coordination: Adriana G\u00f3mez Cervera<\/strong><\/span><\/li><li><span class=\"font-511940\"><strong>Production coordination: \u00c1gueda Alcaraz Carracedo<\/strong><\/span><\/li><\/ul>\t\t\t\t\t\t<\/div>\n\t\t\t\t<\/div>\n\t\t\t\t<\/div>\n\t\t\t\t\t<\/div>\n\t\t\t\t<\/div>\n\t\t<div class=\"elementor-element elementor-element-0a94dd7 e-flex e-con-boxed e-con e-parent\" data-id=\"0a94dd7\" data-element_type=\"container\">\n\t\t\t\t\t<div class=\"e-con-inner\">\n\t\t\t\t<div class=\"elementor-element elementor-element-84efa85 aright elementor-widget-icon-box wgl-icon-box elementor-widget elementor-widget-wgl-button\" data-id=\"84efa85\" data-element_type=\"widget\" data-widget_type=\"wgl-button.default\">\n\t\t\t\t<div class=\"elementor-widget-container\">\n\t\t\t<a class=\"wgl-button btn-size-lg \" role=\"button\" href=\"https:\/\/pluralensemble.com\/wp-content\/uploads\/2024\/06\/Biografia-espanol-Plural-Ensemble-1.pdf\" target=\"_blank\"><div class=\"button__content align-icon-right\"><div class=\"media-wrapper icon-wrapper\"><span class=\"wgl-icon\" ><i class=\"icon elementor-icon flaticon-right\" aria-hidden=\"true\"><\/i><\/span><\/div><span class=\"button__text\">Descargar Biograf\u00eda<\/span><\/div><\/a>\t\t<\/div>\n\t\t\t\t<\/div>\n\t\t\t\t\t<\/div>\n\t\t\t\t<\/div>\n\t\t\t\t<\/div>\n\t\t","protected":false},"excerpt":{"rendered":"<p>PluralEnsemble is an instrumental ensemble specialized in 20th and 21st century music, founded by Fabi\u00e1n Panisello, its principal conductor. Always seeking the highest interpretative quality, it develops an annual season of concerts and tours, alternating the most demanding soloist repertoire with works for ensemble. For the eleventh consecutive year, the BBVA Foundation Contemporary Music Concert [&hellip;]<\/p>\n","protected":false},"author":6,"featured_media":7814,"parent":0,"menu_order":0,"comment_status":"closed","ping_status":"closed","template":"","meta":{"footnotes":""},"class_list":["post-9560","page","type-page","status-publish","has-post-thumbnail","hentry"],"_links":{"self":[{"href":"https:\/\/pluralensemble.com\/en\/wp-json\/wp\/v2\/pages\/9560","targetHints":{"allow":["GET"]}}],"collection":[{"href":"https:\/\/pluralensemble.com\/en\/wp-json\/wp\/v2\/pages"}],"about":[{"href":"https:\/\/pluralensemble.com\/en\/wp-json\/wp\/v2\/types\/page"}],"author":[{"embeddable":true,"href":"https:\/\/pluralensemble.com\/en\/wp-json\/wp\/v2\/users\/6"}],"replies":[{"embeddable":true,"href":"https:\/\/pluralensemble.com\/en\/wp-json\/wp\/v2\/comments?post=9560"}],"version-history":[{"count":15,"href":"https:\/\/pluralensemble.com\/en\/wp-json\/wp\/v2\/pages\/9560\/revisions"}],"predecessor-version":[{"id":14562,"href":"https:\/\/pluralensemble.com\/en\/wp-json\/wp\/v2\/pages\/9560\/revisions\/14562"}],"wp:featuredmedia":[{"embeddable":true,"href":"https:\/\/pluralensemble.com\/en\/wp-json\/"}],"wp:attachment":[{"href":"https:\/\/pluralensemble.com\/en\/wp-json\/wp\/v2\/media?parent=9560"}],"curies":[{"name":"wp","href":"https:\/\/api.w.org\/{rel}","templated":true}]}}