{"id":9564,"date":"2019-08-19T14:34:18","date_gmt":"2019-08-19T14:34:18","guid":{"rendered":"https:\/\/pluralensemble.com\/pluralensemble\/"},"modified":"2024-06-27T17:18:04","modified_gmt":"2024-06-27T17:18:04","slug":"pluralensemble","status":"publish","type":"page","link":"https:\/\/pluralensemble.com\/en\/pluralensemble\/","title":{"rendered":"PluralEnsemble"},"content":{"rendered":"\t\t<div data-elementor-type=\"wp-page\" data-elementor-id=\"9564\" class=\"elementor elementor-9564 elementor-744\">\n\t\t\t\t<div class=\"elementor-element elementor-element-53c5985a e-flex e-con-boxed e-con e-parent\" data-id=\"53c5985a\" data-element_type=\"container\">\n\t\t\t\t\t<div class=\"e-con-inner\">\n\t\t\t\t<div class=\"elementor-element elementor-element-79efafd2 elementor-widget elementor-widget-wgl-striped-services\" data-id=\"79efafd2\" data-element_type=\"widget\" data-widget_type=\"wgl-striped-services.default\">\n\t\t\t\t<div class=\"elementor-widget-container\">\n\t\t\t<div class=\"wgl-striped-services breakpoint_on-mobile\"><div class=\"service-item active\"><div class=\"service-image \" style=\"background-image: url(https:\/\/pluralensemble.com\/wp-content\/uploads\/2023\/07\/27-2-23-CNDM-005g7.jpg); background-position: top left; background-size: cover; \"><\/div><div class=\"service-item_content\"><\/div><\/div><div class=\"service-item\"><div class=\"service-image \" style=\"background-image: url(https:\/\/pluralensemble.com\/wp-content\/uploads\/2024\/05\/Viajes-PluralEnsemble_2.jpg); background-position: top center; background-size: cover; \"><\/div><div class=\"service-item_content\"><\/div><\/div><div class=\"service-item\"><div class=\"service-image \" style=\"background-image: url(https:\/\/pluralensemble.com\/wp-content\/uploads\/2024\/04\/soldado_1.jpg); background-position: top left; background-size: cover; \"><\/div><div class=\"service-item_content\"><\/div><\/div><\/div>\t\t<\/div>\n\t\t\t\t<\/div>\n\t\t\t\t\t<\/div>\n\t\t\t\t<\/div>\n\t\t<div class=\"elementor-element elementor-element-3d30ab03 e-flex e-con-boxed e-con e-parent\" data-id=\"3d30ab03\" data-element_type=\"container\">\n\t\t\t\t\t<div class=\"e-con-inner\">\n\t\t\t\t<div class=\"elementor-element elementor-element-794736c1 elementor-drop-cap-yes elementor-drop-cap-view-default elementor-widget elementor-widget-text-editor\" data-id=\"794736c1\" data-element_type=\"widget\" data-settings=\"{&quot;drop_cap&quot;:&quot;yes&quot;}\" data-widget_type=\"text-editor.default\">\n\t\t\t\t<div class=\"elementor-widget-container\">\n\t\t\t\t\t\t\t<h6><span class=\"font-511940\" style=\"color: var(--itconf-primary-color);\"><strong>PluralEnsemble<\/strong> is an instrumental ensemble specialized in 20th and 21st century music, founded by<strong> Fabi\u00e1n Panisello,<\/strong> its principal conductor.<\/span><\/h6>\n<blockquote>\n<p><span class=\"font-511940\">Always seeking the highest interpretative quality, it develops an annual season of concerts and tours, alternating the most demanding soloist repertoire with works for ensemble.<\/span><\/p>\n<\/blockquote>\n\t\t\t\t\t\t<\/div>\n\t\t\t\t<\/div>\n\t\t\t\t\t<\/div>\n\t\t\t\t<\/div>\n\t\t<div class=\"elementor-element elementor-element-6e20ee0c e-flex e-con-boxed e-con e-parent\" data-id=\"6e20ee0c\" data-element_type=\"container\">\n\t\t\t\t\t<div class=\"e-con-inner\">\n\t\t<div class=\"elementor-element elementor-element-969a1a5 e-con-full e-flex e-con e-child\" data-id=\"969a1a5\" data-element_type=\"container\">\n\t\t\t\t<div class=\"elementor-element elementor-element-28d055b3 elementor-widget elementor-widget-image\" data-id=\"28d055b3\" data-element_type=\"widget\" data-widget_type=\"image.default\">\n\t\t\t\t<div class=\"elementor-widget-container\">\n\t\t\t\t\t\t\t\t\t\t\t\t\t<img fetchpriority=\"high\" decoding=\"async\" width=\"1024\" height=\"683\" src=\"https:\/\/pluralensemble.com\/wp-content\/uploads\/2024\/04\/Foto-no-030.jpg\" class=\"attachment-large size-large wp-image-7788\" alt=\"\" srcset=\"https:\/\/pluralensemble.com\/wp-content\/uploads\/2024\/04\/Foto-no-030.jpg 1024w, https:\/\/pluralensemble.com\/wp-content\/uploads\/2024\/04\/Foto-no-030-300x200.jpg 300w, https:\/\/pluralensemble.com\/wp-content\/uploads\/2024\/04\/Foto-no-030-768x512.jpg 768w\" sizes=\"(max-width: 1024px) 100vw, 1024px\" \/>\t\t\t\t\t\t\t\t\t\t\t\t\t<\/div>\n\t\t\t\t<\/div>\n\t\t\t\t<\/div>\n\t\t<div class=\"elementor-element elementor-element-db5f35 e-con-full e-flex e-con e-child\" data-id=\"db5f35\" data-element_type=\"container\">\n\t\t\t\t<div class=\"elementor-element elementor-element-786fa4de elementor-widget elementor-widget-text-editor\" data-id=\"786fa4de\" data-element_type=\"widget\" data-widget_type=\"text-editor.default\">\n\t\t\t\t<div class=\"elementor-widget-container\">\n\t\t\t\t\t\t\t<p><\/p>\n<p><span data-contrast=\"none\">Since 2009, he has developed the BBVA Foundation&#8217;s Contemporary Music Concert Series, and currently designs and stars in part of the Foundation&#8217;s Music Season.<\/span><span data-ccp-props=\"{\"134245417\":false,\"201341983\":0,\"335551550\":6,\"335551620\":6,\"335559685\":113,\"335559737\":38,\"335559738\":1,\"335559740\":252}\">&nbsp;<\/span><\/p><p><span data-ccp-props=\"{\"134245417\":false,\"201341983\":0,\"335551550\":6,\"335551620\":6,\"335559685\":113,\"335559737\":38,\"335559738\":1,\"335559740\":252}\"><br><\/span><\/p>\n<p><span data-contrast=\"none\" style=\"font-size: 17px; color: var( --e-global-color-text ); text-align: var(--text-align); background-color: var(--body-background-color, unset);\">Throughout his career he has performed to great critical and public acclaim at the main specialized international festivals, such as New Music Week in Shanghai, Sound Ways in St. Petersburg, Musica in Strasbourg, Atempo in Caracas, Pr\u00e9sences in Paris, Ars Musica in Brussels, Manca in Nice, Spaziomusica in Cagliari, Aspekte in Salzburg, IFCP Mannes in New York, the Alicante Music Festival, the Quincena Musical in San Sebastian, the WDR cycle in Cologne, Nous Sons at the Auditori in Barcelona, the Warsaw Autumn Festival, Ultraschall, Konzerthaus in Berlin and Klangspuren Schwaz in Tyrol, among others.<\/span><span data-ccp-props=\"{\"134245417\":false,\"201341983\":0,\"335551550\":6,\"335551620\":6,\"335559685\":113,\"335559737\":38,\"335559740\":252}\" style=\"font-size: 17px; color: var( --e-global-color-text ); text-align: var(--text-align); background-color: var(--body-background-color, unset);\">&nbsp;<\/span><\/p>\t\t\t\t\t\t<\/div>\n\t\t\t\t<\/div>\n\t\t\t\t<\/div>\n\t\t<div class=\"elementor-element elementor-element-27014b7b e-con-full e-flex e-con e-child\" data-id=\"27014b7b\" data-element_type=\"container\">\n\t\t\t\t<div class=\"elementor-element elementor-element-331d83ec elementor-widget elementor-widget-text-editor\" data-id=\"331d83ec\" data-element_type=\"widget\" data-widget_type=\"text-editor.default\">\n\t\t\t\t<div class=\"elementor-widget-container\">\n\t\t\t\t\t\t\t<p><span data-contrast=\"none\">He collaborates with artists such as Peter E\u00f6tv\u00f6s, Salome Kammer, Hilary Sum- mers, Crist\u00f3bal Halffter, Marco Blaauw, J\u00f6rg Widmann, Dimitri Vassila- kis, Nicholas Isherwood , Alda Caiello, Allison Bell, Jos\u00e9 Manuel L\u00f3pez L\u00f3pez, Siegfried Mauser, Jorg Widman, Wolfgang Lischke, Cristian Bal- dini, Nicolas Altstaedt, Zsolt Nagy, C\u00e9sar Camarero, Jon Ketilsson, Pablo M\u00e1rquez, Charlotte Hellekant, Matthias Pintscher, Hansjorg Schellen- berger, Tadeusz Wielecki, Lorraine Vaillancourt, Marco Angius, Natalia Zagorinskaya, Peter Csaba, Johannes Kalitzke, Luis de Pablo or Toshio Hosokawa.<\/span><span data-ccp-props=\"{\"134245417\":false,\"201341983\":0,\"335551550\":6,\"335551620\":6,\"335559685\":113,\"335559737\":40,\"335559738\":2,\"335559740\":252}\"> <\/span><\/p><\/p>\n\t\t\t\t\t\t<\/div>\n\t\t\t\t<\/div>\n\t\t\t\t<\/div>\n\t\t<div class=\"elementor-element elementor-element-7255cb7f e-con-full e-flex e-con e-child\" data-id=\"7255cb7f\" data-element_type=\"container\">\n\t\t\t\t<div class=\"elementor-element elementor-element-56147a5d elementor-widget elementor-widget-text-editor\" data-id=\"56147a5d\" data-element_type=\"widget\" data-widget_type=\"text-editor.default\">\n\t\t\t\t<div class=\"elementor-widget-container\">\n\t\t\t\t\t\t\t<p><span data-contrast=\"none\">He has made numerous recordings for several European radio stations (WDR, RBB, RNE, RF, ORF, RTBF or Polish Radio among many others), as well as recordings for the labels IBS, Col legno, Columna M\u00fasica, Verso, Cervantes and NEOS.<\/span><span data-ccp-props=\"{\"134245417\":false,\"201341983\":0,\"335551550\":6,\"335551620\":6,\"335559685\":113,\"335559737\":41,\"335559738\":1,\"335559740\":252}\"> <\/span><\/p>\n<ul>\n<li><span class=\"font-511940\"><strong>Art director: Fabi\u00e1n Panisello<\/strong><\/span><\/li>\n<li><span class=\"font-511940\"><strong>Technical coordination: Adriana G\u00f3mez Cervera<\/strong><\/span><\/li>\n<li><span class=\"font-511940\"><strong>Production coordination: \u00c1gueda Alcaraz Carracedo<\/strong><\/span><\/li>\n<\/ul>\n\t\t\t\t\t\t<\/div>\n\t\t\t\t<\/div>\n\t\t\t\t<\/div>\n\t\t\t\t<div class=\"elementor-element elementor-element-d349a6c elementor-widget-divider--view-line elementor-widget elementor-widget-divider\" data-id=\"d349a6c\" data-element_type=\"widget\" data-widget_type=\"divider.default\">\n\t\t\t\t<div class=\"elementor-widget-container\">\n\t\t\t\t\t<div class=\"elementor-divider\">\n\t\t\t<span class=\"elementor-divider-separator\">\n\t\t\t\t\t\t<\/span>\n\t\t<\/div>\n\t\t\t\t<\/div>\n\t\t\t\t<\/div>\n\t\t\t\t\t<\/div>\n\t\t\t\t<\/div>\n\t\t<div class=\"elementor-element elementor-element-46e108f e-flex e-con-boxed e-con e-parent\" data-id=\"46e108f\" data-element_type=\"container\">\n\t\t\t\t\t<div class=\"e-con-inner\">\n\t\t<div class=\"elementor-element elementor-element-9f2fc73 e-con-full e-flex e-con e-child\" data-id=\"9f2fc73\" data-element_type=\"container\">\n\t\t\t\t<div class=\"elementor-element elementor-element-4fccbf1f acenter elementor-widget-icon-box wgl-icon-box elementor-widget elementor-widget-wgl-button\" data-id=\"4fccbf1f\" data-element_type=\"widget\" data-widget_type=\"wgl-button.default\">\n\t\t\t\t<div class=\"elementor-widget-container\">\n\t\t\t<a class=\"wgl-button btn-size-lg \" role=\"button\"><div class=\"button__content align-icon-right\"><div class=\"media-wrapper icon-wrapper\"><span class=\"wgl-icon\" ><i class=\"icon elementor-icon flaticon-right\" aria-hidden=\"true\"><\/i><\/span><\/div><span class=\"button__text\">Download ESP Biography<\/span><\/div><\/a>\t\t<\/div>\n\t\t\t\t<\/div>\n\t\t\t\t<\/div>\n\t\t<div class=\"elementor-element elementor-element-ac3a7ae e-con-full e-flex e-con e-child\" data-id=\"ac3a7ae\" data-element_type=\"container\">\n\t\t\t\t<div class=\"elementor-element elementor-element-72cee27 acenter elementor-widget-icon-box wgl-icon-box elementor-widget elementor-widget-wgl-button\" data-id=\"72cee27\" data-element_type=\"widget\" data-widget_type=\"wgl-button.default\">\n\t\t\t\t<div class=\"elementor-widget-container\">\n\t\t\t<a class=\"wgl-button btn-size-lg \" role=\"button\" href=\"#\" target=\"_blank\"><div class=\"button__content align-icon-right\"><div class=\"media-wrapper icon-wrapper\"><span class=\"wgl-icon\" ><i class=\"icon elementor-icon flaticon-right\" aria-hidden=\"true\"><\/i><\/span><\/div><span class=\"button__text\">Download Bio ENG<\/span><\/div><\/a>\t\t<\/div>\n\t\t\t\t<\/div>\n\t\t\t\t<\/div>\n\t\t\t\t\t<\/div>\n\t\t\t\t<\/div>\n\t\t<div class=\"elementor-element elementor-element-75d4347 e-flex e-con-boxed e-con e-parent\" data-id=\"75d4347\" data-element_type=\"container\">\n\t\t\t\t\t<div class=\"e-con-inner\">\n\t\t\t\t\t<\/div>\n\t\t\t\t<\/div>\n\t\t\t\t<\/div>\n\t\t","protected":false},"excerpt":{"rendered":"<p>PluralEnsemble is an instrumental ensemble specialized in 20th and 21st century music, founded by Fabi\u00e1n Panisello, its principal conductor. Always seeking the highest interpretative quality, it develops an annual season of concerts and tours, alternating the most demanding soloist repertoire with works for ensemble. Since 2009, he has developed the BBVA Foundation&#8217;s Contemporary Music Concert [&hellip;]<\/p>\n","protected":false},"author":6,"featured_media":7903,"parent":0,"menu_order":0,"comment_status":"closed","ping_status":"closed","template":"","meta":{"footnotes":""},"class_list":["post-9564","page","type-page","status-publish","has-post-thumbnail","hentry"],"_links":{"self":[{"href":"https:\/\/pluralensemble.com\/en\/wp-json\/wp\/v2\/pages\/9564","targetHints":{"allow":["GET"]}}],"collection":[{"href":"https:\/\/pluralensemble.com\/en\/wp-json\/wp\/v2\/pages"}],"about":[{"href":"https:\/\/pluralensemble.com\/en\/wp-json\/wp\/v2\/types\/page"}],"author":[{"embeddable":true,"href":"https:\/\/pluralensemble.com\/en\/wp-json\/wp\/v2\/users\/6"}],"replies":[{"embeddable":true,"href":"https:\/\/pluralensemble.com\/en\/wp-json\/wp\/v2\/comments?post=9564"}],"version-history":[{"count":4,"href":"https:\/\/pluralensemble.com\/en\/wp-json\/wp\/v2\/pages\/9564\/revisions"}],"predecessor-version":[{"id":10865,"href":"https:\/\/pluralensemble.com\/en\/wp-json\/wp\/v2\/pages\/9564\/revisions\/10865"}],"wp:featuredmedia":[{"embeddable":true,"href":"https:\/\/pluralensemble.com\/en\/wp-json\/wp\/v2\/media\/7903"}],"wp:attachment":[{"href":"https:\/\/pluralensemble.com\/en\/wp-json\/wp\/v2\/media?parent=9564"}],"curies":[{"name":"wp","href":"https:\/\/api.w.org\/{rel}","templated":true}]}}