{"id":9577,"date":"2023-06-02T07:22:29","date_gmt":"2023-06-02T07:22:29","guid":{"rendered":"https:\/\/pluralensemble.com\/ensemble\/musicians-plural-ensemble\/"},"modified":"2024-07-03T12:35:23","modified_gmt":"2024-07-03T12:35:23","slug":"musicians-plural-ensemble","status":"publish","type":"page","link":"https:\/\/pluralensemble.com\/en\/ensemble\/musicians-plural-ensemble\/","title":{"rendered":"Plural Ensemble Musicians"},"content":{"rendered":"\t\t<div data-elementor-type=\"wp-page\" data-elementor-id=\"9577\" class=\"elementor elementor-9577 elementor-1054\">\n\t\t\t\t\t\t<section class=\"elementor-section elementor-top-section elementor-element elementor-element-b5c1178 elementor-section-boxed elementor-section-height-default elementor-section-height-default\" data-id=\"b5c1178\" data-element_type=\"section\">\n\t\t\t\t\t\t<div class=\"elementor-container elementor-column-gap-default\">\n\t\t\t\t\t<div class=\"elementor-column elementor-col-100 elementor-top-column elementor-element elementor-element-e89ca36\" data-id=\"e89ca36\" data-element_type=\"column\">\n\t\t\t<div class=\"elementor-widget-wrap elementor-element-populated\">\n\t\t\t\t\t\t<div class=\"elementor-element elementor-element-59481f6 elementor-widget elementor-widget-spacer\" data-id=\"59481f6\" data-element_type=\"widget\" data-widget_type=\"spacer.default\">\n\t\t\t\t<div class=\"elementor-widget-container\">\n\t\t\t\t\t<div class=\"elementor-spacer\">\n\t\t\t<div class=\"elementor-spacer-inner\"><\/div>\n\t\t<\/div>\n\t\t\t\t<\/div>\n\t\t\t\t<\/div>\n\t\t\t\t<div class=\"elementor-element elementor-element-1792538 aleft elementor-widget elementor-widget-wgl-team\" data-id=\"1792538\" data-element_type=\"widget\" data-widget_type=\"wgl-team.default\">\n\t\t\t\t<div class=\"elementor-widget-container\">\n\t\t\t<section class=\"wgl_module_team\"><div class=\"team__members grid-col--6\"><article class=\"team__member\"><div class=\"member__wrapper\"><div class=\"member__media\"><a href=\"https:\/\/pluralensemble.com\/en\/team\/alberto-esteve-gimenez\/\" class=\"member__thumbnail\"><img decoding=\"async\" src=\"https:\/\/pluralensemble.com\/wp-content\/uploads\/2023\/05\/Alberto-Esteve_K8B1033-683x1024-1-300x300.jpg\" class=\"thumbnail__featured\" alt=\"\"><\/a><\/div><div class=\"member__info-wrapper\"><div class=\"member__info\"><div class=\"member__meta-wrapper\"><div class=\"member__meta\"><div class=\"member__highlighted\">OBOE<\/div><h2 class=\"member__name\"><a href=\"https:\/\/pluralensemble.com\/en\/team\/alberto-esteve-gimenez\/\">Alberto Esteve Gim\u00e9nez<\/a><\/h2><\/div><\/div><\/div><\/div><\/div><\/article><article class=\"team__member\"><div class=\"member__wrapper\"><div class=\"member__media\"><a href=\"https:\/\/pluralensemble.com\/en\/team\/alberto-rosado\/\" class=\"member__thumbnail\"><img decoding=\"async\" src=\"https:\/\/pluralensemble.com\/wp-content\/uploads\/2024\/04\/Alberto-Rosado-piano-\u00a9Arturo-Fuentes-300x300.jpg\" class=\"thumbnail__featured\" alt=\"\"><\/a><\/div><div class=\"member__info-wrapper\"><div class=\"member__info\"><div class=\"member__meta-wrapper\"><div class=\"member__meta\"><div class=\"member__highlighted\">PIANO<\/div><h2 class=\"member__name\"><a href=\"https:\/\/pluralensemble.com\/en\/team\/alberto-rosado\/\">Alberto Rosado<\/a><\/h2><\/div><\/div><\/div><\/div><\/div><\/article><article class=\"team__member\"><div class=\"member__wrapper\"><div class=\"member__media\"><a href=\"https:\/\/pluralensemble.com\/en\/team\/alvaro-octavio-diaz\/\" class=\"member__thumbnail\"><img decoding=\"async\" src=\"https:\/\/pluralensemble.com\/wp-content\/uploads\/2024\/04\/MG_1911-300x300.jpg\" class=\"thumbnail__featured\" alt=\"\"><\/a><\/div><div class=\"member__info-wrapper\"><div class=\"member__info\"><div class=\"member__meta-wrapper\"><div class=\"member__meta\"><div class=\"member__highlighted\">FLUTE<\/div><h2 class=\"member__name\"><a href=\"https:\/\/pluralensemble.com\/en\/team\/alvaro-octavio-diaz\/\">\u00c1lvaro Octavio D\u00edaz<\/a><\/h2><\/div><\/div><\/div><\/div><\/div><\/article><article class=\"team__member\"><div class=\"member__wrapper\"><div class=\"member__media\"><a href=\"https:\/\/pluralensemble.com\/en\/team\/alvaro-prieto-perez\/\" class=\"member__thumbnail\"><img decoding=\"async\" src=\"https:\/\/pluralensemble.com\/wp-content\/uploads\/2024\/05\/Alvaro-Prieto-Perez-1-300x300.png\" class=\"thumbnail__featured\" alt=\"\"><\/a><\/div><div class=\"member__info-wrapper\"><div class=\"member__info\"><div class=\"member__meta-wrapper\"><div class=\"member__meta\"><div class=\"member__highlighted\">FAGOT<\/div><h2 class=\"member__name\"><a href=\"https:\/\/pluralensemble.com\/en\/team\/alvaro-prieto-perez\/\">\u00c1lvaro Prieto P\u00e9rez<\/a><\/h2><\/div><\/div><\/div><\/div><\/div><\/article><article class=\"team__member\"><div class=\"member__wrapper\"><div class=\"member__media\"><a href=\"https:\/\/pluralensemble.com\/en\/team\/ana-maria-alonso\/\" class=\"member__thumbnail\"><img decoding=\"async\" src=\"https:\/\/pluralensemble.com\/wp-content\/uploads\/2024\/05\/IMG_9525-1-photoaidcom-greyscale-scaled-300x300.jpg\" class=\"thumbnail__featured\" alt=\"\"><\/a><\/div><div class=\"member__info-wrapper\"><div class=\"member__info\"><div class=\"member__meta-wrapper\"><div class=\"member__meta\"><div class=\"member__highlighted\">VIOLA<\/div><h2 class=\"member__name\"><a href=\"https:\/\/pluralensemble.com\/en\/team\/ana-maria-alonso\/\">Ana Maria Alonso<\/a><\/h2><\/div><\/div><\/div><\/div><\/div><\/article><article class=\"team__member\"><div class=\"member__wrapper\"><div class=\"member__media\"><a href=\"https:\/\/pluralensemble.com\/en\/team\/antonio-lapaz\/\" class=\"member__thumbnail\"><img decoding=\"async\" src=\"https:\/\/pluralensemble.com\/wp-content\/uploads\/2024\/04\/Antonio-Lapaz-clarinete-\u00a9Ana-Pallares-300x300.jpg\" class=\"thumbnail__featured\" alt=\"\"><\/a><\/div><div class=\"member__info-wrapper\"><div class=\"member__info\"><div class=\"member__meta-wrapper\"><div class=\"member__meta\"><div class=\"member__highlighted\">CLARINET<\/div><h2 class=\"member__name\"><a href=\"https:\/\/pluralensemble.com\/en\/team\/antonio-lapaz\/\">Antonio Lapaz<\/a><\/h2><\/div><\/div><\/div><\/div><\/div><\/article><article class=\"team__member\"><div class=\"member__wrapper\"><div class=\"member__media\"><a href=\"https:\/\/pluralensemble.com\/en\/team\/cesar-peris\/\" class=\"member__thumbnail\"><img decoding=\"async\" src=\"https:\/\/pluralensemble.com\/wp-content\/uploads\/2024\/04\/cesar_peris-1-300x300.jpg\" class=\"thumbnail__featured\" alt=\"\"><\/a><\/div><div class=\"member__info-wrapper\"><div class=\"member__info\"><div class=\"member__meta-wrapper\"><div class=\"member__meta\"><div class=\"member__highlighted\">PERCUSSION<\/div><h2 class=\"member__name\"><a href=\"https:\/\/pluralensemble.com\/en\/team\/cesar-peris\/\">C\u00e9sar Peris<\/a><\/h2><\/div><\/div><\/div><\/div><\/div><\/article><article class=\"team__member\"><div class=\"member__wrapper\"><div class=\"member__media\"><a href=\"https:\/\/pluralensemble.com\/en\/team\/david-apellaniz\/\" class=\"member__thumbnail\"><img decoding=\"async\" src=\"https:\/\/pluralensemble.com\/wp-content\/uploads\/2023\/05\/david_Apellaniz-300x300.jpg\" class=\"thumbnail__featured\" alt=\"\"><\/a><\/div><div class=\"member__info-wrapper\"><div class=\"member__info\"><div class=\"member__meta-wrapper\"><div class=\"member__meta\"><div class=\"member__highlighted\">VIOLONCELLO<\/div><h2 class=\"member__name\"><a href=\"https:\/\/pluralensemble.com\/en\/team\/david-apellaniz\/\">David Apellaniz<\/a><\/h2><\/div><\/div><\/div><\/div><\/div><\/article><article class=\"team__member\"><div class=\"member__wrapper\"><div class=\"member__media\"><a href=\"https:\/\/pluralensemble.com\/en\/team\/duncan-gifford\/\" class=\"member__thumbnail\"><img decoding=\"async\" src=\"https:\/\/pluralensemble.com\/wp-content\/uploads\/2024\/04\/Duncan-Gifford-piano-300x300.jpg\" class=\"thumbnail__featured\" alt=\"\"><\/a><\/div><div class=\"member__info-wrapper\"><div class=\"member__info\"><div class=\"member__meta-wrapper\"><div class=\"member__meta\"><div class=\"member__highlighted\">PIANO<\/div><h2 class=\"member__name\"><a href=\"https:\/\/pluralensemble.com\/en\/team\/duncan-gifford\/\">Duncan Gifford<\/a><\/h2><\/div><\/div><\/div><\/div><\/div><\/article><article class=\"team__member\"><div class=\"member__wrapper\"><div class=\"member__media\"><a href=\"https:\/\/pluralensemble.com\/en\/team\/elies-monxoli\/\" class=\"member__thumbnail\"><img decoding=\"async\" src=\"https:\/\/pluralensemble.com\/wp-content\/uploads\/2024\/05\/elies_mocholi-1-1-300x300.jpg\" class=\"thumbnail__featured\" alt=\"\"><\/a><\/div><div class=\"member__info-wrapper\"><div class=\"member__info\"><div class=\"member__meta-wrapper\"><div class=\"member__meta\"><div class=\"member__highlighted\">HORN<\/div><h2 class=\"member__name\"><a href=\"https:\/\/pluralensemble.com\/en\/team\/elies-monxoli\/\">Elies Monxol\u00ed<\/a><\/h2><\/div><\/div><\/div><\/div><\/div><\/article><article class=\"team__member\"><div class=\"member__wrapper\"><div class=\"member__media\"><a href=\"https:\/\/pluralensemble.com\/en\/team\/eloy-luruena\/\" class=\"member__thumbnail\"><img decoding=\"async\" src=\"https:\/\/pluralensemble.com\/wp-content\/uploads\/2024\/10\/LR_Eloy-Luruena_5248-modified-scaled-300x300.jpg\" class=\"thumbnail__featured\" alt=\"\"><\/a><\/div><div class=\"member__info-wrapper\"><div class=\"member__info\"><div class=\"member__meta-wrapper\"><div class=\"member__meta\"><div class=\"member__highlighted\">PERCUSSION<\/div><h2 class=\"member__name\"><a href=\"https:\/\/pluralensemble.com\/en\/team\/eloy-luruena\/\">Eloy Lurue\u00f1a<\/a><\/h2><\/div><\/div><\/div><\/div><\/div><\/article><article class=\"team__member\"><div class=\"member__wrapper\"><div class=\"member__media\"><a href=\"https:\/\/pluralensemble.com\/en\/team\/ema-alexeeva-2\/\" class=\"member__thumbnail\"><img decoding=\"async\" src=\"https:\/\/pluralensemble.com\/wp-content\/uploads\/2023\/05\/Ema-Alexeeva-modified-scaled-300x300.jpg\" class=\"thumbnail__featured\" alt=\"\"><\/a><\/div><div class=\"member__info-wrapper\"><div class=\"member__info\"><div class=\"member__meta-wrapper\"><div class=\"member__meta\"><div class=\"member__highlighted\">VIOLIN<\/div><h2 class=\"member__name\"><a href=\"https:\/\/pluralensemble.com\/en\/team\/ema-alexeeva-2\/\">Ema Alexeeva<\/a><\/h2><\/div><\/div><\/div><\/div><\/div><\/article><article class=\"team__member\"><div class=\"member__wrapper\"><div class=\"member__media\"><a href=\"https:\/\/pluralensemble.com\/en\/team\/enrique-cotoli\/\" class=\"member__thumbnail\"><img decoding=\"async\" src=\"https:\/\/pluralensemble.com\/wp-content\/uploads\/2023\/05\/J.-Enrique-Cotoli-1-300x300.jpg\" class=\"thumbnail__featured\" alt=\"\"><\/a><\/div><div class=\"member__info-wrapper\"><div class=\"member__info\"><div class=\"member__meta-wrapper\"><div class=\"member__meta\"><div class=\"member__highlighted\">TROMBONE <\/div><h2 class=\"member__name\"><a href=\"https:\/\/pluralensemble.com\/en\/team\/enrique-cotoli\/\">Enrique Cotol\u00ed<\/a><\/h2><\/div><\/div><\/div><\/div><\/div><\/article><article class=\"team__member\"><div class=\"member__wrapper\"><div class=\"member__media\"><a href=\"https:\/\/pluralensemble.com\/en\/team\/erica-ramallo-lucini\/\" class=\"member__thumbnail\"><img decoding=\"async\" src=\"https:\/\/pluralensemble.com\/wp-content\/uploads\/2024\/05\/Erica-Ramallo-Lucini-300x300.jpg\" class=\"thumbnail__featured\" alt=\"\"><\/a><\/div><div class=\"member__info-wrapper\"><div class=\"member__info\"><div class=\"member__meta-wrapper\"><div class=\"member__meta\"><div class=\"member__highlighted\">VIOLIN<\/div><h2 class=\"member__name\"><a href=\"https:\/\/pluralensemble.com\/en\/team\/erica-ramallo-lucini\/\">Erica Ramallo Lucini<\/a><\/h2><\/div><\/div><\/div><\/div><\/div><\/article><article class=\"team__member\"><div class=\"member__wrapper\"><div class=\"member__media\"><a href=\"https:\/\/pluralensemble.com\/en\/team\/lope-morales\/\" class=\"member__thumbnail\"><img decoding=\"async\" src=\"https:\/\/pluralensemble.com\/wp-content\/uploads\/2024\/04\/FB_IMG_15738574945522242-300x300.jpg\" class=\"thumbnail__featured\" alt=\"\"><\/a><\/div><div class=\"member__info-wrapper\"><div class=\"member__info\"><div class=\"member__meta-wrapper\"><div class=\"member__meta\"><div class=\"member__highlighted\">FLUTE<\/div><h2 class=\"member__name\"><a href=\"https:\/\/pluralensemble.com\/en\/team\/lope-morales\/\">Lope Morales<\/a><\/h2><\/div><\/div><\/div><\/div><\/div><\/article><article class=\"team__member\"><div class=\"member__wrapper\"><div class=\"member__media\"><a href=\"https:\/\/pluralensemble.com\/en\/team\/luis-otero-herranz\/\" class=\"member__thumbnail\"><img decoding=\"async\" src=\"https:\/\/pluralensemble.com\/wp-content\/uploads\/2024\/04\/luis_otero-300x300.jpg\" class=\"thumbnail__featured\" alt=\"\"><\/a><\/div><div class=\"member__info-wrapper\"><div class=\"member__info\"><div class=\"member__meta-wrapper\"><div class=\"member__meta\"><div class=\"member__highlighted\">DOUBLE BASS<\/div><h2 class=\"member__name\"><a href=\"https:\/\/pluralensemble.com\/en\/team\/luis-otero-herranz\/\">Luis Otero Herranz<\/a><\/h2><\/div><\/div><\/div><\/div><\/div><\/article><article class=\"team__member\"><div class=\"member__wrapper\"><div class=\"member__media\"><a href=\"https:\/\/pluralensemble.com\/en\/team\/mikolaj-konopelski\/\" class=\"member__thumbnail\"><img decoding=\"async\" src=\"https:\/\/pluralensemble.com\/wp-content\/uploads\/2024\/04\/Mikolaj-Konopelski-violoncello-300x300.jpg\" class=\"thumbnail__featured\" alt=\"\"><\/a><\/div><div class=\"member__info-wrapper\"><div class=\"member__info\"><div class=\"member__meta-wrapper\"><div class=\"member__meta\"><div class=\"member__highlighted\">VIOLONCELLO<\/div><h2 class=\"member__name\"><a href=\"https:\/\/pluralensemble.com\/en\/team\/mikolaj-konopelski\/\">Mikolaj Konopelski<\/a><\/h2><\/div><\/div><\/div><\/div><\/div><\/article><article class=\"team__member\"><div class=\"member__wrapper\"><div class=\"member__media\"><a href=\"https:\/\/pluralensemble.com\/en\/team\/robert-silla\/\" class=\"member__thumbnail\"><img decoding=\"async\" src=\"https:\/\/pluralensemble.com\/wp-content\/uploads\/2024\/04\/Robert-Silla-oboe-\u00a9IGOR-STUDIO-300x300.jpg\" class=\"thumbnail__featured\" alt=\"\"><\/a><\/div><div class=\"member__info-wrapper\"><div class=\"member__info\"><div class=\"member__meta-wrapper\"><div class=\"member__meta\"><div class=\"member__highlighted\">OBOE<\/div><h2 class=\"member__name\"><a href=\"https:\/\/pluralensemble.com\/en\/team\/robert-silla\/\">Robert Silla<\/a><\/h2><\/div><\/div><\/div><\/div><\/div><\/article><\/div><\/section>\t\t<\/div>\n\t\t\t\t<\/div>\n\t\t\t\t\t<\/div>\n\t\t<\/div>\n\t\t\t\t\t<\/div>\n\t\t<\/section>\n\t\t\t\t<section class=\"elementor-section elementor-top-section elementor-element elementor-element-940250f elementor-section-full_width elementor-section-height-default elementor-section-height-default\" data-id=\"940250f\" data-element_type=\"section\">\n\t\t\t\t\t\t<div class=\"elementor-container elementor-column-gap-no\">\n\t\t\t\t\t<div class=\"elementor-column elementor-col-100 elementor-top-column elementor-element elementor-element-3e54834\" data-id=\"3e54834\" data-element_type=\"column\">\n\t\t\t<div class=\"elementor-widget-wrap elementor-element-populated\">\n\t\t\t\t\t\t<div class=\"elementor-element elementor-element-0e2e059 elementor-widget elementor-widget-spacer\" data-id=\"0e2e059\" data-element_type=\"widget\" data-widget_type=\"spacer.default\">\n\t\t\t\t<div class=\"elementor-widget-container\">\n\t\t\t\t\t<div class=\"elementor-spacer\">\n\t\t\t<div class=\"elementor-spacer-inner\"><\/div>\n\t\t<\/div>\n\t\t\t\t<\/div>\n\t\t\t\t<\/div>\n\t\t\t\t<div class=\"elementor-element elementor-element-9aa1ab7 elementor-widget elementor-widget-wgl-text-path\" data-id=\"9aa1ab7\" data-element_type=\"widget\" data-settings=\"{&quot;text&quot;:&quot;MUSICIANS&quot;,&quot;divider_image&quot;:{&quot;url&quot;:&quot;https:\\\/\\\/pluralensemble.com\\\/wp-content\\\/uploads\\\/2024\\\/04\\\/LOGOTIPO-01notas.png&quot;,&quot;id&quot;:6258,&quot;size&quot;:&quot;&quot;,&quot;alt&quot;:&quot;&quot;,&quot;source&quot;:&quot;library&quot;},&quot;link&quot;:{&quot;url&quot;:&quot;&quot;,&quot;is_external&quot;:&quot;&quot;,&quot;nofollow&quot;:&quot;&quot;,&quot;custom_attributes&quot;:&quot;&quot;},&quot;animation_speed&quot;:30000,&quot;start_point&quot;:{&quot;unit&quot;:&quot;%&quot;,&quot;size&quot;:100,&quot;sizes&quot;:[]},&quot;start_point_tablet&quot;:{&quot;unit&quot;:&quot;px&quot;,&quot;size&quot;:&quot;&quot;,&quot;sizes&quot;:[]},&quot;start_point_mobile&quot;:{&quot;unit&quot;:&quot;px&quot;,&quot;size&quot;:&quot;&quot;,&quot;sizes&quot;:[]},&quot;end_point&quot;:{&quot;unit&quot;:&quot;%&quot;,&quot;size&quot;:-10,&quot;sizes&quot;:[]},&quot;end_point_tablet&quot;:{&quot;unit&quot;:&quot;px&quot;,&quot;size&quot;:&quot;&quot;,&quot;sizes&quot;:[]},&quot;end_point_mobile&quot;:{&quot;unit&quot;:&quot;px&quot;,&quot;size&quot;:&quot;&quot;,&quot;sizes&quot;:[]}}\" data-widget_type=\"wgl-text-path.default\">\n\t\t\t\t<div class=\"elementor-widget-container\">\n\t\t\t\t\t<div class=\"wgl-text-path loop_animation  clone_text add_divider stop_on_hover\" data-backspace-count=\"\" data-d-type=\"image\" data-d-image=\"https:\/\/pluralensemble.com\/wp-content\/uploads\/2024\/04\/LOGOTIPO-01notas.png\" data-d-image-alt=\"\" data-type-svg=\"wgl_line_simple\" data-text=\"MUSICIANS\">\n\t\t\t<div class=\"simple_line\"><\/div>\t\t\t\t\t<\/div>\n\t\t\t\t<\/div>\n\t\t\t\t<\/div>\n\t\t\t\t\t<\/div>\n\t\t<\/div>\n\t\t\t\t\t<\/div>\n\t\t<\/section>\n\t\t\t\t<\/div>\n\t\t","protected":false},"excerpt":{"rendered":"<p>OBOE Alberto Esteve Gim\u00e9nez PIANO Alberto Rosado FLUTE \u00c1lvaro Octavio D\u00edaz FAGOT \u00c1lvaro Prieto P\u00e9rez VIOLA Ana Maria Alonso CLARINET Antonio Lapaz PERCUSSION C\u00e9sar Peris VIOLONCELLO David Apellaniz PIANO Duncan Gifford HORN Elies Monxol\u00ed VIOLIN Ema Alexeeva TROMBONE Enrique Cotol\u00ed VIOLIN Erica Ramallo Lucini FLUTE Lope Morales DOUBLE BASS Luis Otero Herranz VIOLONCELLO Mikolaj Konopelski [&hellip;]<\/p>\n","protected":false},"author":1,"featured_media":9578,"parent":9560,"menu_order":3,"comment_status":"closed","ping_status":"closed","template":"","meta":{"footnotes":""},"class_list":["post-9577","page","type-page","status-publish","has-post-thumbnail","hentry"],"_links":{"self":[{"href":"https:\/\/pluralensemble.com\/en\/wp-json\/wp\/v2\/pages\/9577","targetHints":{"allow":["GET"]}}],"collection":[{"href":"https:\/\/pluralensemble.com\/en\/wp-json\/wp\/v2\/pages"}],"about":[{"href":"https:\/\/pluralensemble.com\/en\/wp-json\/wp\/v2\/types\/page"}],"author":[{"embeddable":true,"href":"https:\/\/pluralensemble.com\/en\/wp-json\/wp\/v2\/users\/1"}],"replies":[{"embeddable":true,"href":"https:\/\/pluralensemble.com\/en\/wp-json\/wp\/v2\/comments?post=9577"}],"version-history":[{"count":13,"href":"https:\/\/pluralensemble.com\/en\/wp-json\/wp\/v2\/pages\/9577\/revisions"}],"predecessor-version":[{"id":11728,"href":"https:\/\/pluralensemble.com\/en\/wp-json\/wp\/v2\/pages\/9577\/revisions\/11728"}],"up":[{"embeddable":true,"href":"https:\/\/pluralensemble.com\/en\/wp-json\/wp\/v2\/pages\/9560"}],"wp:featuredmedia":[{"embeddable":true,"href":"https:\/\/pluralensemble.com\/en\/wp-json\/wp\/v2\/media\/9578"}],"wp:attachment":[{"href":"https:\/\/pluralensemble.com\/en\/wp-json\/wp\/v2\/media?parent=9577"}],"curies":[{"name":"wp","href":"https:\/\/api.w.org\/{rel}","templated":true}]}}