{"id":9600,"date":"2024-04-09T17:02:22","date_gmt":"2024-04-09T17:02:22","guid":{"rendered":"https:\/\/pluralensemble.com\/ensemble\/guest-artists\/"},"modified":"2024-07-03T12:39:37","modified_gmt":"2024-07-03T12:39:37","slug":"guest-artists","status":"publish","type":"page","link":"https:\/\/pluralensemble.com\/en\/ensemble\/guest-artists\/","title":{"rendered":"Guest artists"},"content":{"rendered":"\t\t<div data-elementor-type=\"wp-page\" data-elementor-id=\"9600\" class=\"elementor elementor-9600 elementor-16\">\n\t\t\t\t\t\t<section class=\"elementor-section elementor-top-section elementor-element elementor-element-1fb9ff63 elementor-section-boxed elementor-section-height-default elementor-section-height-default\" data-id=\"1fb9ff63\" data-element_type=\"section\">\n\t\t\t\t\t\t<div class=\"elementor-container elementor-column-gap-default\">\n\t\t\t\t\t<div class=\"elementor-column elementor-col-100 elementor-top-column elementor-element elementor-element-388dac88\" data-id=\"388dac88\" data-element_type=\"column\">\n\t\t\t<div class=\"elementor-widget-wrap elementor-element-populated\">\n\t\t\t\t\t\t<div class=\"elementor-element elementor-element-36e21edb divider-yes aleft elementor-widget elementor-widget-wgl-double-heading\" data-id=\"36e21edb\" data-element_type=\"widget\" data-widget_type=\"wgl-double-heading.default\">\n\t\t\t\t<div class=\"elementor-widget-container\">\n\t\t\t<div class=\"wgl-double-heading\"><div class=\"dblh__subtitle\">PluralEnsemble<\/div><div class=\"dblh__wrapper\"><h3 class=\"dblh__title-wrapper\"><span class=\"dblh__title dblh__title-1\">guest<\/span><span class=\"dblh__title dblh__title-2\">artists<\/span><\/h3><div class=\"dblh__content\"><p><span data-contrast=\"auto\" xml:lang=\"ES-ES\" lang=\"ES-ES\" class=\"TextRun SCXW173560514 BCX0\"><span class=\"NormalTextRun SpellingErrorV2Themed SCXW173560514 BCX0\">PluralEnsemble<\/span><span class=\"NormalTextRun SCXW173560514 BCX0\"> PluralEnsemble collaborates with the greatest artists of the contemporary scene<\/span><span class=\"NormalTextRun SCXW173560514 BCX0\">international contemporary<\/span><\/span><span class=\"EOP SCXW173560514 BCX0\" data-ccp-props=\"{\"201341983\":0,\"335559685\":0,\"335559739\":160,\"335559740\":279}\"> <\/span><\/p>\n<\/div><\/div><\/div>\t\t<\/div>\n\t\t\t\t<\/div>\n\t\t\t\t\t<\/div>\n\t\t<\/div>\n\t\t\t\t\t<\/div>\n\t\t<\/section>\n\t\t<div class=\"elementor-element elementor-element-8af37b6 e-flex e-con-boxed e-con e-parent\" data-id=\"8af37b6\" data-element_type=\"container\">\n\t\t\t\t\t<div class=\"e-con-inner\">\n\t\t\t\t<div class=\"elementor-element elementor-element-5dedacd elementor-widget elementor-widget-spacer\" data-id=\"5dedacd\" data-element_type=\"widget\" data-widget_type=\"spacer.default\">\n\t\t\t\t<div class=\"elementor-widget-container\">\n\t\t\t\t\t<div class=\"elementor-spacer\">\n\t\t\t<div class=\"elementor-spacer-inner\"><\/div>\n\t\t<\/div>\n\t\t\t\t<\/div>\n\t\t\t\t<\/div>\n\t\t\t\t\t<\/div>\n\t\t\t\t<\/div>\n\t\t<div class=\"elementor-element elementor-element-f86e9b5 e-flex e-con-boxed e-con e-parent\" data-id=\"f86e9b5\" data-element_type=\"container\">\n\t\t\t\t\t<div class=\"e-con-inner\">\n\t\t\t\t<div class=\"elementor-element elementor-element-82328b8 elementor-widget elementor-widget-text-editor\" data-id=\"82328b8\" data-element_type=\"widget\" data-widget_type=\"text-editor.default\">\n\t\t\t\t<div class=\"elementor-widget-container\">\n\t\t\t\t\t\t\t<h6 style=\"text-align: justify;\"><span style=\"font-size: 24px;\"><span style=\"color: var(--itconf-primary-color);\">Peter E\u00f6tv\u00f6s<\/span> \u00c1lvaro Octavio Lope Morales Rui Borges Massimo Mercelli Robert Silla Alberto Esteve Antonio Lapaz <span style=\"color: var(--itconf-primary-color);\">Toshio Hosokawa<\/span> Carmen Dom\u00ednguez Joan Tormo \u00c1lvaro Prieto <span style=\"color: var(--itconf-primary-color);\">Johannes Kalitzke <\/span> Enrique Abargues Andr\u00e9s Gomis El\u00edes Monchol\u00ed <span style=\"color: var(--itconf-primary-color);\">Allison Bell<\/span> Jos\u00e9 Chanza Saar Berger Marco Blaauw C\u00e9sar Asensi Enrique Cotol\u00ed <span style=\"color: var(--itconf-primary-color);\">Salome Kammer <\/span>I\u00f1aki Alberdi David Gordo <span style=\"color: var(--itconf-primary-color);\">Bruno Mantovani<\/span> Duncan Gifford Enrique Lapaz Alberto Rosado Kennedy Moretti Dimitri Vassilakis Carlos Apell\u00e1niz Hugh Tinney <span style=\"color: var(--itconf-primary-color);\">Fabi\u00e1n Panisello<\/span> Gustavo D\u00edaz-Jerez Jaime Fern\u00e1ndez <span style=\"color: var(--itconf-primary-color);\">Heinz Holliger<\/span> C\u00e9sar Peris Marcus Weiss Juanjo Guillem Ema Alexeeva Erica Ramallo Franceso D&#8217;Orazio <span style=\"color: var(--itconf-primary-color);\">Peter Csaba<\/span> Ana Mar\u00eda Alonso Wenting Kang <span style=\"color: var(--itconf-primary-color);\">J\u00f6rg Widmann<\/span> Mikolaj Konopelski David Apell\u00e1niz Michal Dmochovski Nicolas Altstaedt Luis Otero Eduardo Anoz <span style=\"color: var(--itconf-primary-color);\">Joaqu\u00edn Clerch<\/span> Pablo M\u00e1rquez Ryoko Aoki Luis de Pablo Elodie Tisserand Charlotte Hellekant <span style=\"color: var(--itconf-primary-color);\">Lorraine Vaillancourt<\/span> Wolfgang Holzmair Jon Ketilsson Nicholas Isherwood Olga Syniakova Natalia Zagorinskaya Annette Sch\u00f6nmuller <span style=\"color: var(--itconf-primary-color);\">Hilary Summers<\/span> Alda Caiello Anna Davidson <span style=\"color: var(--itconf-primary-color);\">Fran\u00e7ois Paris<\/span> Crist\u00f3bal Halffter Jos\u00e9 Manuel L\u00f3pez L\u00f3pez C\u00e9sar Camarero Tom\u00e1s Marco <span style=\"color: var(--itconf-primary-color);\">Raquel Garc\u00eda-Tom\u00e1s<\/span> Tadeusz Wielecki Wolfgang Lischke Crist\u00f3bal Soler Jos\u00e9 Ram\u00f3n Encinar <span style=\"color: var(--itconf-primary-color);\">Matthias Pintscher Hansj\u00f6rg Schellenberger<\/span> Nacho de Paz J\u00fcrg Henneberger <span style=\"color: var(--itconf-primary-color);\">Ernest H\u00f6ltzl<\/span> Christian Baldini Zsolt Nagy Marco Angius Ernesto Alterio Manuel Galiana <span style=\"color: var(--itconf-primary-color);\">Peter Rundel<\/span> Harald Hieronymus Hein <\/span><\/h6>\n\t\t\t\t\t\t<\/div>\n\t\t\t\t<\/div>\n\t\t\t\t\t<\/div>\n\t\t\t\t<\/div>\n\t\t\t\t<\/div>\n\t\t","protected":false},"excerpt":{"rendered":"<p>PluralEnsemble guestartists PluralEnsemble PluralEnsemble collaborates with the greatest artists of the contemporary sceneinternational contemporary Peter E\u00f6tv\u00f6s \u00c1lvaro Octavio Lope Morales Rui Borges Massimo Mercelli Robert Silla Alberto Esteve Antonio Lapaz Toshio Hosokawa Carmen Dom\u00ednguez Joan Tormo \u00c1lvaro Prieto Johannes Kalitzke Enrique Abargues Andr\u00e9s Gomis El\u00edes Monchol\u00ed Allison Bell Jos\u00e9 Chanza Saar Berger Marco Blaauw C\u00e9sar [&hellip;]<\/p>\n","protected":false},"author":1,"featured_media":0,"parent":9560,"menu_order":6,"comment_status":"closed","ping_status":"closed","template":"","meta":{"footnotes":""},"class_list":["post-9600","page","type-page","status-publish","hentry"],"_links":{"self":[{"href":"https:\/\/pluralensemble.com\/en\/wp-json\/wp\/v2\/pages\/9600","targetHints":{"allow":["GET"]}}],"collection":[{"href":"https:\/\/pluralensemble.com\/en\/wp-json\/wp\/v2\/pages"}],"about":[{"href":"https:\/\/pluralensemble.com\/en\/wp-json\/wp\/v2\/types\/page"}],"author":[{"embeddable":true,"href":"https:\/\/pluralensemble.com\/en\/wp-json\/wp\/v2\/users\/1"}],"replies":[{"embeddable":true,"href":"https:\/\/pluralensemble.com\/en\/wp-json\/wp\/v2\/comments?post=9600"}],"version-history":[{"count":5,"href":"https:\/\/pluralensemble.com\/en\/wp-json\/wp\/v2\/pages\/9600\/revisions"}],"predecessor-version":[{"id":11734,"href":"https:\/\/pluralensemble.com\/en\/wp-json\/wp\/v2\/pages\/9600\/revisions\/11734"}],"up":[{"embeddable":true,"href":"https:\/\/pluralensemble.com\/en\/wp-json\/wp\/v2\/pages\/9560"}],"wp:attachment":[{"href":"https:\/\/pluralensemble.com\/en\/wp-json\/wp\/v2\/media?parent=9600"}],"curies":[{"name":"wp","href":"https:\/\/api.w.org\/{rel}","templated":true}]}}