{"id":9605,"date":"2024-04-09T17:02:47","date_gmt":"2024-04-09T17:02:47","guid":{"rendered":"https:\/\/pluralensemble.com\/ensemble\/team\/"},"modified":"2024-07-03T19:02:07","modified_gmt":"2024-07-03T19:02:07","slug":"team-2","status":"publish","type":"page","link":"https:\/\/pluralensemble.com\/en\/ensemble\/team-2\/","title":{"rendered":"Team"},"content":{"rendered":"\t\t<div data-elementor-type=\"wp-page\" data-elementor-id=\"9605\" class=\"elementor elementor-9605 elementor-18\">\n\t\t\t\t\t\t<section class=\"elementor-section elementor-top-section elementor-element elementor-element-0255873 elementor-section-boxed elementor-section-height-default elementor-section-height-default\" data-id=\"0255873\" data-element_type=\"section\">\n\t\t\t\t\t\t<div class=\"elementor-container elementor-column-gap-default\">\n\t\t\t\t\t<div class=\"elementor-column elementor-col-100 elementor-top-column elementor-element elementor-element-9ed7493\" data-id=\"9ed7493\" data-element_type=\"column\">\n\t\t\t<div class=\"elementor-widget-wrap elementor-element-populated\">\n\t\t\t\t\t\t<div class=\"elementor-element elementor-element-2b4f856 divider-yes aleft elementor-widget elementor-widget-wgl-double-heading\" data-id=\"2b4f856\" data-element_type=\"widget\" data-widget_type=\"wgl-double-heading.default\">\n\t\t\t\t<div class=\"elementor-widget-container\">\n\t\t\t<div class=\"wgl-double-heading\"><div class=\"dblh__subtitle\">PluralEnsemble<\/div><div class=\"dblh__wrapper\"><h3 class=\"dblh__title-wrapper\"><span class=\"dblh__title dblh__title-1\">TEAM<\/span><\/h3><\/div><\/div>\t\t<\/div>\n\t\t\t\t<\/div>\n\t\t\t\t\t<\/div>\n\t\t<\/div>\n\t\t\t\t\t<\/div>\n\t\t<\/section>\n\t\t<div class=\"elementor-element elementor-element-7958849b e-flex e-con-boxed e-con e-parent\" data-id=\"7958849b\" data-element_type=\"container\">\n\t\t\t\t\t<div class=\"e-con-inner\">\n\t\t\t\t<div class=\"elementor-element elementor-element-6b9a6161 aleft elementor-widget elementor-widget-wgl-team\" data-id=\"6b9a6161\" data-element_type=\"widget\" data-widget_type=\"wgl-team.default\">\n\t\t\t\t<div class=\"elementor-widget-container\">\n\t\t\t<section class=\"wgl_module_team\"><div class=\"team__members grid-col--3\"><article class=\"team__member\"><div class=\"member__wrapper\"><div class=\"member__media\"><\/div><div class=\"member__info-wrapper\"><div class=\"member__info\"><div class=\"member__meta-wrapper\"><div class=\"member__meta\"><div class=\"member__highlighted\">GENERAL COORDINATOR<\/div><h2 class=\"member__name\"><a href=\"https:\/\/pluralensemble.com\/en\/team\/\">Adriana G\u00f3mez Cervera<\/a><\/h2><\/div><\/div><\/div><\/div><\/div><\/article><article class=\"team__member\"><div class=\"member__wrapper\"><div class=\"member__media\"><\/div><div class=\"member__info-wrapper\"><div class=\"member__info\"><div class=\"member__meta-wrapper\"><div class=\"member__meta\"><div class=\"member__highlighted\">TECHNICAL COORDINATOR<\/div><h2 class=\"member__name\"><a href=\"https:\/\/pluralensemble.com\/en\/team\/\">\u00c1gueda Alcaraz Carracedo<\/a><\/h2><\/div><\/div><\/div><\/div><\/div><\/article><\/div><\/section>\t\t<\/div>\n\t\t\t\t<\/div>\n\t\t\t\t\t<\/div>\n\t\t\t\t<\/div>\n\t\t\t\t<\/div>\n\t\t","protected":false},"excerpt":{"rendered":"<p>PluralEnsemble TEAM COORDINADORA T\u00c9CNICA Adriana G\u00f3mez Cervera COORDINADORA DE PRODUCCI\u00d3N \u00c1gueda Alcaraz Carracedo<\/p>\n","protected":false},"author":1,"featured_media":0,"parent":9560,"menu_order":7,"comment_status":"closed","ping_status":"closed","template":"","meta":{"footnotes":""},"class_list":["post-9605","page","type-page","status-publish","hentry"],"_links":{"self":[{"href":"https:\/\/pluralensemble.com\/en\/wp-json\/wp\/v2\/pages\/9605","targetHints":{"allow":["GET"]}}],"collection":[{"href":"https:\/\/pluralensemble.com\/en\/wp-json\/wp\/v2\/pages"}],"about":[{"href":"https:\/\/pluralensemble.com\/en\/wp-json\/wp\/v2\/types\/page"}],"author":[{"embeddable":true,"href":"https:\/\/pluralensemble.com\/en\/wp-json\/wp\/v2\/users\/1"}],"replies":[{"embeddable":true,"href":"https:\/\/pluralensemble.com\/en\/wp-json\/wp\/v2\/comments?post=9605"}],"version-history":[{"count":3,"href":"https:\/\/pluralensemble.com\/en\/wp-json\/wp\/v2\/pages\/9605\/revisions"}],"predecessor-version":[{"id":11446,"href":"https:\/\/pluralensemble.com\/en\/wp-json\/wp\/v2\/pages\/9605\/revisions\/11446"}],"up":[{"embeddable":true,"href":"https:\/\/pluralensemble.com\/en\/wp-json\/wp\/v2\/pages\/9560"}],"wp:attachment":[{"href":"https:\/\/pluralensemble.com\/en\/wp-json\/wp\/v2\/media?parent=9605"}],"curies":[{"name":"wp","href":"https:\/\/api.w.org\/{rel}","templated":true}]}}