{"id":9607,"date":"2024-04-09T17:05:48","date_gmt":"2024-04-09T17:05:48","guid":{"rendered":"https:\/\/pluralensemble.com\/ensemble\/honorary-members-and-advisory-board\/"},"modified":"2025-04-02T07:53:39","modified_gmt":"2025-04-02T07:53:39","slug":"honorary-members-and-advisory-board","status":"publish","type":"page","link":"https:\/\/pluralensemble.com\/en\/ensemble\/honorary-members-and-advisory-board\/","title":{"rendered":"Honorary members and advisory board"},"content":{"rendered":"\t\t<div data-elementor-type=\"wp-page\" data-elementor-id=\"9607\" class=\"elementor elementor-9607 elementor-26\">\n\t\t\t\t\t\t<section class=\"elementor-section elementor-top-section elementor-element elementor-element-a4a0aa4 elementor-section-boxed elementor-section-height-default elementor-section-height-default\" data-id=\"a4a0aa4\" data-element_type=\"section\">\n\t\t\t\t\t\t<div class=\"elementor-container elementor-column-gap-default\">\n\t\t\t\t\t<div class=\"elementor-column elementor-col-100 elementor-top-column elementor-element elementor-element-d80ffab\" data-id=\"d80ffab\" data-element_type=\"column\">\n\t\t\t<div class=\"elementor-widget-wrap elementor-element-populated\">\n\t\t\t\t\t\t<div class=\"elementor-element elementor-element-9b9009c elementor-widget__width-initial divider-yes aleft elementor-widget elementor-widget-wgl-double-heading\" data-id=\"9b9009c\" data-element_type=\"widget\" data-widget_type=\"wgl-double-heading.default\">\n\t\t\t\t<div class=\"elementor-widget-container\">\n\t\t\t<div class=\"wgl-double-heading\"><div class=\"dblh__subtitle\">PluralEnsemble<\/div><div class=\"dblh__wrapper\"><h3 class=\"dblh__title-wrapper\"><span class=\"dblh__title dblh__title-1\">members Fees \n<\/span><span class=\"dblh__title dblh__title-2\">Council consultant \n<\/span><\/h3><\/div><\/div>\t\t<\/div>\n\t\t\t\t<\/div>\n\t\t\t\t\t<\/div>\n\t\t<\/div>\n\t\t\t\t\t<\/div>\n\t\t<\/section>\n\t\t<div class=\"elementor-element elementor-element-5cbd5c1 e-flex e-con-boxed e-con e-parent\" data-id=\"5cbd5c1\" data-element_type=\"container\">\n\t\t\t\t\t<div class=\"e-con-inner\">\n\t\t<div class=\"elementor-element elementor-element-8d50835 e-con-full e-flex e-con e-child\" data-id=\"8d50835\" data-element_type=\"container\">\n\t\t\t\t<div class=\"elementor-element elementor-element-02eb1de elementor-widget elementor-widget-text-editor\" data-id=\"02eb1de\" data-element_type=\"widget\" data-widget_type=\"text-editor.default\">\n\t\t\t\t<div class=\"elementor-widget-container\">\n\t\t\t\t\t\t\t<p style=\"text-align: center;\"><span style=\"font-size: 18px;\"><strong><span data-contrast=\"auto\" xml:lang=\"ES-ES\" lang=\"ES-ES\" class=\"TextRun SCXW9644525 BCX0\"><span class=\"NormalTextRun SCXW9644525 BCX0\">Luis de Pablo<\/span><\/span><\/strong><\/span><\/p>\n<p style=\"text-align: center;\"><span style=\"font-size: 18px;\"><strong><span data-contrast=\"auto\" xml:lang=\"ES-ES\" lang=\"ES-ES\" class=\"TextRun SCXW9644525 BCX0\"> <span class=\"NormalTextRun SCXW9644525 BCX0\"> Peter <\/span><span class=\"NormalTextRun SpellingErrorV2Themed SCXW9644525 BCX0\">E\u00f6tv\u00f6s<\/span><span class=\"NormalTextRun SCXW9644525 BCX0\"> <\/span><\/span><span class=\"EOP SCXW9644525 BCX0\" data-ccp-props=\"{\"201341983\":0,\"335559740\":240}\"> <\/span><\/strong><\/span><\/p>\n\t\t\t\t\t\t<\/div>\n\t\t\t\t<\/div>\n\t\t\t\t<\/div>\n\t\t<div class=\"elementor-element elementor-element-4d8c5f3 e-con-full e-flex e-con e-child\" data-id=\"4d8c5f3\" data-element_type=\"container\">\n\t\t\t\t<div class=\"elementor-element elementor-element-4647957 elementor-widget elementor-widget-text-editor\" data-id=\"4647957\" data-element_type=\"widget\" data-widget_type=\"text-editor.default\">\n\t\t\t\t<div class=\"elementor-widget-container\">\n\t\t\t\t\t\t\t<p style=\"text-align: center;\"><span style=\"font-size: 18px;\"><strong>Heinz Holliger<\/strong><\/span><\/p><p style=\"text-align: center;\"><span style=\"font-size: 18px;\"><strong>Zsolt Nagy<\/strong><\/span><\/p><p style=\"text-align: center;\"><span style=\"font-size: 18px;\"><strong>Jos\u00e9 Luis Zambade<\/strong><\/span><\/p><p style=\"text-align: center;\"><span style=\"font-size: 18px;\"><strong>Gabriel Erkoreka<\/strong><\/span><\/p><p style=\"text-align: center;\"><span style=\"font-size: 18px;\"><strong>Alessandro Solbiati<\/strong><\/span><\/p><p style=\"text-align: center;\"><span style=\"font-size: 18px;\"><strong>Tom\u00e1s Marco<\/strong><\/span><\/p><p style=\"text-align: center;\"><span style=\"font-size: 18px;\"><strong>Philip Cashian<\/strong><\/span><\/p><p style=\"text-align: center;\"><span style=\"font-size: 18px;\"><strong>Dan Yuhas<\/strong><\/span><\/p><p style=\"text-align: center;\"><span style=\"font-size: 18px;\"><strong>Johannes Kalitzke<\/strong><\/span><\/p><p style=\"text-align: center;\"><span style=\"font-size: 18px;\"><strong>F\u00e9lix Palomero<\/strong><\/span><\/p>\t\t\t\t\t\t<\/div>\n\t\t\t\t<\/div>\n\t\t\t\t<\/div>\n\t\t\t\t\t<\/div>\n\t\t\t\t<\/div>\n\t\t\t\t<\/div>\n\t\t","protected":false},"excerpt":{"rendered":"<p>PluralEnsemble members Fees Council consultant Luis de Pablo Peter E\u00f6tv\u00f6s Heinz Holliger Zsolt Nagy Jos\u00e9 Luis Zambade Gabriel Erkoreka Alessandro Solbiati Tom\u00e1s Marco Philip Cashian Dan Yuhas Johannes Kalitzke F\u00e9lix Palomero<\/p>\n","protected":false},"author":1,"featured_media":0,"parent":9560,"menu_order":8,"comment_status":"closed","ping_status":"closed","template":"","meta":{"footnotes":""},"class_list":["post-9607","page","type-page","status-publish","hentry"],"_links":{"self":[{"href":"https:\/\/pluralensemble.com\/en\/wp-json\/wp\/v2\/pages\/9607","targetHints":{"allow":["GET"]}}],"collection":[{"href":"https:\/\/pluralensemble.com\/en\/wp-json\/wp\/v2\/pages"}],"about":[{"href":"https:\/\/pluralensemble.com\/en\/wp-json\/wp\/v2\/types\/page"}],"author":[{"embeddable":true,"href":"https:\/\/pluralensemble.com\/en\/wp-json\/wp\/v2\/users\/1"}],"replies":[{"embeddable":true,"href":"https:\/\/pluralensemble.com\/en\/wp-json\/wp\/v2\/comments?post=9607"}],"version-history":[{"count":5,"href":"https:\/\/pluralensemble.com\/en\/wp-json\/wp\/v2\/pages\/9607\/revisions"}],"predecessor-version":[{"id":13883,"href":"https:\/\/pluralensemble.com\/en\/wp-json\/wp\/v2\/pages\/9607\/revisions\/13883"}],"up":[{"embeddable":true,"href":"https:\/\/pluralensemble.com\/en\/wp-json\/wp\/v2\/pages\/9560"}],"wp:attachment":[{"href":"https:\/\/pluralensemble.com\/en\/wp-json\/wp\/v2\/media?parent=9607"}],"curies":[{"name":"wp","href":"https:\/\/api.w.org\/{rel}","templated":true}]}}