{"id":9609,"date":"2024-04-09T17:05:06","date_gmt":"2024-04-09T17:05:06","guid":{"rendered":"https:\/\/pluralensemble.com\/ensemble\/network\/"},"modified":"2024-07-03T12:38:58","modified_gmt":"2024-07-03T12:38:58","slug":"network","status":"publish","type":"page","link":"https:\/\/pluralensemble.com\/en\/ensemble\/network\/","title":{"rendered":"Network"},"content":{"rendered":"\t\t<div data-elementor-type=\"wp-page\" data-elementor-id=\"9609\" class=\"elementor elementor-9609 elementor-22\">\n\t\t\t\t\t\t<section class=\"elementor-section elementor-top-section elementor-element elementor-element-881cdc9 elementor-section-boxed elementor-section-height-default elementor-section-height-default\" data-id=\"881cdc9\" data-element_type=\"section\">\n\t\t\t\t\t\t<div class=\"elementor-container elementor-column-gap-default\">\n\t\t\t\t\t<div class=\"elementor-column elementor-col-100 elementor-top-column elementor-element elementor-element-57f51cd\" data-id=\"57f51cd\" data-element_type=\"column\">\n\t\t\t<div class=\"elementor-widget-wrap elementor-element-populated\">\n\t\t\t\t\t\t<div class=\"elementor-element elementor-element-bf4c70c divider-yes aleft elementor-widget elementor-widget-wgl-double-heading\" data-id=\"bf4c70c\" data-element_type=\"widget\" data-widget_type=\"wgl-double-heading.default\">\n\t\t\t\t<div class=\"elementor-widget-container\">\n\t\t\t<div class=\"wgl-double-heading\"><div class=\"dblh__subtitle\">PluralEnsemble<\/div><div class=\"dblh__wrapper\"><h3 class=\"dblh__title-wrapper\"><span class=\"dblh__title dblh__title-1\">NET<\/span><span class=\"dblh__title dblh__title-2\">work<\/span><\/h3><\/div><\/div>\t\t<\/div>\n\t\t\t\t<\/div>\n\t\t\t\t\t<\/div>\n\t\t<\/div>\n\t\t\t\t\t<\/div>\n\t\t<\/section>\n\t\t<div class=\"elementor-element elementor-element-ced1b29 e-flex e-con-boxed e-con e-parent\" data-id=\"ced1b29\" data-element_type=\"container\">\n\t\t\t\t\t<div class=\"e-con-inner\">\n\t\t\t\t<div class=\"elementor-element elementor-element-e95655f elementor-widget elementor-widget-text-editor\" data-id=\"e95655f\" data-element_type=\"widget\" data-widget_type=\"text-editor.default\">\n\t\t\t\t<div class=\"elementor-widget-container\">\n\t\t\t\t\t\t\t<h6 style=\"text-align: center;\">Fundaci\u00f3n BBVA Teatros del Canal <span style=\"color: var(--itconf-primary-color);\">C\u00edrculo de Bellas Artes <\/span>INAEM (Instituto Nacional de las Artes Esc\u00e9nicas y de la M\u00fasica) AECID (Agencia Espa\u00f1ola de Cooperaci\u00f3n Internacional para el Desarrollo) Biennale di Venezia <span style=\"color: var(--itconf-primary-color);\">Festival Internacional de m\u00fasica de Marv\u00e3o <\/span>Wiener Konzerthaus <span style=\"color: var(--itconf-primary-color);\">Jeunesse Musicales Austria <\/span> <span style=\"color: var(--itconf-primary-color);\">Brno International Music Festival <\/span>Sound Ways San Petersburgo Shanghai New Music Week <span style=\"color: var(--itconf-primary-color);\">ACL Korea <\/span>Manca Festival (Niza) <span style=\"color: var(--itconf-primary-color);\">Th\u00e9\u00e2tre de la Ville (Niza) <\/span>Cenart M\u00e9xico Ultraschall Berl\u00edn Palacio Nacional de la Cultura de Sof\u00eda <span style=\"color: var(--itconf-primary-color);\">Klangspuren Schwaz Tirol, Gaida (Vilnius)<\/span> Fundaci\u00f3n Universidad Aut\u00f3noma de Madrid <span style=\"color: var(--itconf-primary-color);\">CIRM (Centre National de Cr\u00e9ation Musicale) (Niza) <\/span>Contemporary Music Center (Irlanda) Culture Ireland Ernst von Siemens Music Foundation <span style=\"color: var(--itconf-primary-color);\">Goethe Institut <\/span>Peter E\u00f6tv\u00f6s Foundation (Budapest) <span style=\"color: var(--itconf-primary-color);\">Pro Helvetia<\/span> Centro de Tecnolog\u00eda del Espect\u00e1culo (Madrid)  <span style=\"color: var(--itconf-primary-color);\"> Universidad Aut\u00f3noma de Madrid<\/span> Festival de M\u00fasica Internacional de Canarias Festival de M\u00fasica Internacional de La Habana Festival A Tempo (Caracas) <span style=\"color: var(--itconf-primary-color);\">Instituto Cervantes<\/span><\/h6>\n<h6 style=\"text-align: center;\"><span style=\"color: var(--itconf-primary-color);\"> <\/span><\/h6>\n<h6 style=\"text-align: center;\"><span style=\"color: var(--itconf-primary-color);\">\u2026<\/span><\/h6>\n\t\t\t\t\t\t<\/div>\n\t\t\t\t<\/div>\n\t\t\t\t\t<\/div>\n\t\t\t\t<\/div>\n\t\t\t\t<\/div>\n\t\t","protected":false},"excerpt":{"rendered":"<p>PluralEnsemble NETwork Fundaci\u00f3n BBVA Teatros del Canal C\u00edrculo de Bellas Artes INAEM (Instituto Nacional de las Artes Esc\u00e9nicas y de la M\u00fasica) AECID (Agencia Espa\u00f1ola de Cooperaci\u00f3n Internacional para el Desarrollo) Biennale di Venezia Festival Internacional de m\u00fasica de Marv\u00e3o Wiener Konzerthaus Jeunesse Musicales Austria Brno International Music Festival Sound Ways San Petersburgo Shanghai New [&hellip;]<\/p>\n","protected":false},"author":1,"featured_media":0,"parent":9560,"menu_order":9,"comment_status":"closed","ping_status":"closed","template":"","meta":{"footnotes":""},"class_list":["post-9609","page","type-page","status-publish","hentry"],"_links":{"self":[{"href":"https:\/\/pluralensemble.com\/en\/wp-json\/wp\/v2\/pages\/9609","targetHints":{"allow":["GET"]}}],"collection":[{"href":"https:\/\/pluralensemble.com\/en\/wp-json\/wp\/v2\/pages"}],"about":[{"href":"https:\/\/pluralensemble.com\/en\/wp-json\/wp\/v2\/types\/page"}],"author":[{"embeddable":true,"href":"https:\/\/pluralensemble.com\/en\/wp-json\/wp\/v2\/users\/1"}],"replies":[{"embeddable":true,"href":"https:\/\/pluralensemble.com\/en\/wp-json\/wp\/v2\/comments?post=9609"}],"version-history":[{"count":2,"href":"https:\/\/pluralensemble.com\/en\/wp-json\/wp\/v2\/pages\/9609\/revisions"}],"predecessor-version":[{"id":11733,"href":"https:\/\/pluralensemble.com\/en\/wp-json\/wp\/v2\/pages\/9609\/revisions\/11733"}],"up":[{"embeddable":true,"href":"https:\/\/pluralensemble.com\/en\/wp-json\/wp\/v2\/pages\/9560"}],"wp:attachment":[{"href":"https:\/\/pluralensemble.com\/en\/wp-json\/wp\/v2\/media?parent=9609"}],"curies":[{"name":"wp","href":"https:\/\/api.w.org\/{rel}","templated":true}]}}