{"id":9629,"date":"2024-06-03T14:55:52","date_gmt":"2024-06-03T14:55:52","guid":{"rendered":"https:\/\/pluralensemble.com\/sound-and-image\/images\/"},"modified":"2024-07-03T15:33:49","modified_gmt":"2024-07-03T15:33:49","slug":"images","status":"publish","type":"page","link":"https:\/\/pluralensemble.com\/en\/images\/","title":{"rendered":"Images"},"content":{"rendered":"\t\t<div data-elementor-type=\"wp-page\" data-elementor-id=\"9629\" class=\"elementor elementor-9629 elementor-7991\">\n\t\t\t\t\t\t<section class=\"elementor-section elementor-top-section elementor-element elementor-element-52d407a elementor-section-boxed elementor-section-height-default elementor-section-height-default\" data-id=\"52d407a\" data-element_type=\"section\">\n\t\t\t\t\t\t<div class=\"elementor-container elementor-column-gap-default\">\n\t\t\t\t\t<div class=\"elementor-column elementor-col-100 elementor-top-column elementor-element elementor-element-b0348b3\" data-id=\"b0348b3\" data-element_type=\"column\">\n\t\t\t<div class=\"elementor-widget-wrap elementor-element-populated\">\n\t\t\t\t\t\t<div class=\"elementor-element elementor-element-cf4bde5 aleft elementor-widget elementor-widget-wgl-double-heading\" data-id=\"cf4bde5\" data-element_type=\"widget\" data-widget_type=\"wgl-double-heading.default\">\n\t\t\t\t<div class=\"elementor-widget-container\">\n\t\t\t<div class=\"wgl-double-heading\"><div class=\"dblh__wrapper\"><h3 class=\"dblh__title-wrapper\"><span class=\"dblh__title dblh__title-1\">images<\/span><span class=\"dblh__title dblh__title-2\">ensemble<\/span><\/h3><\/div><\/div>\t\t<\/div>\n\t\t\t\t<\/div>\n\t\t\t\t\t<\/div>\n\t\t<\/div>\n\t\t\t\t\t<\/div>\n\t\t<\/section>\n\t\t\t\t<section class=\"elementor-section elementor-top-section elementor-element elementor-element-3a99768b elementor-section-boxed elementor-section-height-default elementor-section-height-default\" data-id=\"3a99768b\" data-element_type=\"section\">\n\t\t\t\t\t\t<div class=\"elementor-container elementor-column-gap-default\">\n\t\t\t\t\t<div class=\"elementor-column elementor-col-100 elementor-top-column elementor-element elementor-element-23d77b1a\" data-id=\"23d77b1a\" data-element_type=\"column\">\n\t\t\t<div class=\"elementor-widget-wrap elementor-element-populated\">\n\t\t\t\t\t\t<div class=\"elementor-element elementor-element-a138740 elementor-widget elementor-widget-spacer\" data-id=\"a138740\" data-element_type=\"widget\" data-widget_type=\"spacer.default\">\n\t\t\t\t<div class=\"elementor-widget-container\">\n\t\t\t\t\t<div class=\"elementor-spacer\">\n\t\t\t<div class=\"elementor-spacer-inner\"><\/div>\n\t\t<\/div>\n\t\t\t\t<\/div>\n\t\t\t\t<\/div>\n\t\t\t\t<div class=\"elementor-element elementor-element-32332d61 elementor-widget elementor-widget-wgl-portfolio\" data-id=\"32332d61\" data-element_type=\"widget\" data-widget_type=\"wgl-portfolio.default\">\n\t\t\t\t<div class=\"elementor-widget-container\">\n\t\t\t<section class=\"wgl_cpt_section\"><div class=\"wgl-portfolio\" id=\"portfolio_module_69d7b583c55f3\"><div class=\"wgl-portfolio_wrapper\"><div class=\"wgl-portfolio_container container-grid row appear-animation anim-fade-in grid col-3\"><article class=\"portfolio__item item images\"><div class=\"item__wrapper description_inside_image animation_sub_layer\"><div class=\"item__image\"><img decoding=\"async\" src=\"https:\/\/pluralensemble.com\/wp-content\/uploads\/2023\/07\/27-2-23-CNDM-005g6-740x740.jpg\" alt=\"\"><\/div><div class=\"item__description\"><div class=\"description__wrapper\"><div class=\"post_cats\"><a href=https:\/\/pluralensemble.com\/en\/portfolio-category\/images\/ class=\"portfolio-category\">IMAGES<\/a><\/div><div class=\"item__title\"><h5 class=\"title\"><a href=\"https:\/\/pluralensemble.com\/en\/portfolio\/composer-performer-concert\/\" class=\"single_link\">Composer-Performer Concert<\/a><\/h5><\/div><\/div><\/div><a href=\"https:\/\/pluralensemble.com\/en\/portfolio\/composer-performer-concert\/\" class=\"single_link portfolio_link\"><\/a><\/div><\/article><article class=\"portfolio__item item images\"><div class=\"item__wrapper description_inside_image animation_sub_layer\"><div class=\"item__image\"><img decoding=\"async\" src=\"https:\/\/pluralensemble.com\/wp-content\/uploads\/2023\/07\/27-2-23-CNDM-005g7-740x740.jpg\" alt=\"\"><\/div><div class=\"item__description\"><div class=\"description__wrapper\"><div class=\"post_cats\"><a href=https:\/\/pluralensemble.com\/en\/portfolio-category\/images\/ class=\"portfolio-category\">IMAGES<\/a><\/div><div class=\"item__title\"><h5 class=\"title\"><a href=\"https:\/\/pluralensemble.com\/en\/portfolio\/composer-performer-concert-cndm-february-27-2023-jorg-widmann-david-moliner-ariadna-alsina-fabian-panisello-anna-davidson-soprano\/\" class=\"single_link\">Composer-Performer Concert &#8211; CNDM &#8211; February 27, 2023 &#8211; J\u00f6rg Widmann, David Moliner, Ariadna Alsina, Fabi\u00e1n Panisello, Anna Davidson (soprano)<\/a><\/h5><\/div><\/div><\/div><a href=\"https:\/\/pluralensemble.com\/en\/portfolio\/composer-performer-concert-cndm-february-27-2023-jorg-widmann-david-moliner-ariadna-alsina-fabian-panisello-anna-davidson-soprano\/\" class=\"single_link portfolio_link\"><\/a><\/div><\/article><article class=\"portfolio__item item images\"><div class=\"item__wrapper description_inside_image animation_sub_layer\"><div class=\"item__image\"><img decoding=\"async\" src=\"https:\/\/pluralensemble.com\/wp-content\/uploads\/2024\/04\/news_2-1-740x740.jpg\" alt=\"\"><\/div><div class=\"item__description\"><div class=\"description__wrapper\"><div class=\"post_cats\"><a href=https:\/\/pluralensemble.com\/en\/portfolio-category\/images\/ class=\"portfolio-category\">IMAGES<\/a><\/div><div class=\"item__title\"><h5 class=\"title\"><a href=\"https:\/\/pluralensemble.com\/en\/portfolio\/example-image-gallery-2\/\" class=\"single_link\">Example image gallery #2<\/a><\/h5><\/div><\/div><\/div><a href=\"https:\/\/pluralensemble.com\/en\/portfolio\/example-image-gallery-2\/\" class=\"single_link portfolio_link\"><\/a><\/div><\/article><article class=\"portfolio__item item images\"><div class=\"item__wrapper description_inside_image animation_sub_layer\"><div class=\"item__image\"><img decoding=\"async\" src=\"https:\/\/pluralensemble.com\/wp-content\/uploads\/2024\/04\/27-2-23-CNDM-005g9-740x740.jpg\" alt=\"\"><\/div><div class=\"item__description\"><div class=\"description__wrapper\"><div class=\"post_cats\"><a href=https:\/\/pluralensemble.com\/en\/portfolio-category\/images\/ class=\"portfolio-category\">IMAGES<\/a><\/div><div class=\"item__title\"><h5 class=\"title\"><a href=\"https:\/\/pluralensemble.com\/en\/portfolio\/rehearsals-of-the-concert-holliger-conducts-holliger-bbva-foundation-april-4-2023\/\" class=\"single_link\">Rehearsals of the Concert Holliger conducts Holliger &#8211; BBVA Foundation &#8211; April 4, 2023<\/a><\/h5><\/div><\/div><\/div><a href=\"https:\/\/pluralensemble.com\/en\/portfolio\/rehearsals-of-the-concert-holliger-conducts-holliger-bbva-foundation-april-4-2023\/\" class=\"single_link portfolio_link\"><\/a><\/div><\/article><article class=\"portfolio__item item images\"><div class=\"item__wrapper description_inside_image animation_sub_layer\"><div class=\"item__image\"><img decoding=\"async\" src=\"https:\/\/pluralensemble.com\/wp-content\/uploads\/2024\/04\/ensayo-con-Mantovani_4-740x740.jpg\" alt=\"\"><\/div><div class=\"item__description\"><div class=\"description__wrapper\"><div class=\"post_cats\"><a href=https:\/\/pluralensemble.com\/en\/portfolio-category\/images\/ class=\"portfolio-category\">IMAGES<\/a><\/div><div class=\"item__title\"><h5 class=\"title\"><a href=\"https:\/\/pluralensemble.com\/en\/portfolio\/concert-mantovani-conducts-boulez-and-mantovani-bbva-foundation-february-27-2020-pluralensemble-bruno-mantovani-conductor\/\" class=\"single_link\">Concert Mantovani conducts Boulez and Mantovani &#8211; BBVA Foundation &#8211; February 27, 2020 &#8211; PluralEnsemble, Bruno Mantovani (conductor)<\/a><\/h5><\/div><\/div><\/div><a href=\"https:\/\/pluralensemble.com\/en\/portfolio\/concert-mantovani-conducts-boulez-and-mantovani-bbva-foundation-february-27-2020-pluralensemble-bruno-mantovani-conductor\/\" class=\"single_link portfolio_link\"><\/a><\/div><\/article><article class=\"portfolio__item item images\"><div class=\"item__wrapper description_inside_image animation_sub_layer\"><div class=\"item__image\"><img decoding=\"async\" src=\"https:\/\/pluralensemble.com\/wp-content\/uploads\/2024\/04\/Alda-Caiello-y-Alberto-Rosado-740x740.jpg\" alt=\"\"><\/div><div class=\"item__description\"><div class=\"description__wrapper\"><div class=\"post_cats\"><a href=https:\/\/pluralensemble.com\/en\/portfolio-category\/images\/ class=\"portfolio-category\">IMAGES<\/a><\/div><div class=\"item__title\"><h5 class=\"title\"><a href=\"https:\/\/pluralensemble.com\/en\/portfolio\/bbva-foundation-october-9-2009-luis-de-pablo-alda-caiello-mezzosoprano\/\" class=\"single_link\">BBVA Foundation &#8211; October 9, 2009 &#8211; Luis de Pablo, Alda Caiello (mezzosoprano)<\/a><\/h5><\/div><\/div><\/div><a href=\"https:\/\/pluralensemble.com\/en\/portfolio\/bbva-foundation-october-9-2009-luis-de-pablo-alda-caiello-mezzosoprano\/\" class=\"single_link portfolio_link\"><\/a><\/div><\/article><article class=\"portfolio__item item images\"><div class=\"item__wrapper description_inside_image animation_sub_layer\"><div class=\"item__image\"><img decoding=\"async\" src=\"https:\/\/pluralensemble.com\/wp-content\/uploads\/2024\/05\/Ciclo-de-Retratos-BBVA-740x740.jpg\" alt=\"\"><\/div><div class=\"item__description\"><div class=\"description__wrapper\"><div class=\"post_cats\"><a href=https:\/\/pluralensemble.com\/en\/portfolio-category\/images\/ class=\"portfolio-category\">IMAGES<\/a><\/div><div class=\"item__title\"><h5 class=\"title\"><a href=\"https:\/\/pluralensemble.com\/en\/portfolio\/concierto-stravinsky-y-el-siglo-xxi-bbva-foundation-october-18-2017-pluralensemble-saar-berger-horn-fabian-panisello-conductor-carlos-carnicero\/\" class=\"single_link\">Concierto Stravinsky y el siglo xx\u0131 &#8211; BBVA Foundation &#8211; October 18, 2017 &#8211; PluralEnsemble, Saar Berger (horn), Fabi\u00e1n Panisello (conductor) \u00a9 Carlos Carnicero.<\/a><\/h5><\/div><\/div><\/div><a href=\"https:\/\/pluralensemble.com\/en\/portfolio\/concierto-stravinsky-y-el-siglo-xxi-bbva-foundation-october-18-2017-pluralensemble-saar-berger-horn-fabian-panisello-conductor-carlos-carnicero\/\" class=\"single_link portfolio_link\"><\/a><\/div><\/article><article class=\"portfolio__item item images\"><div class=\"item__wrapper description_inside_image animation_sub_layer\"><div class=\"item__image\"><img decoding=\"async\" src=\"https:\/\/pluralensemble.com\/wp-content\/uploads\/2024\/05\/Ensayo-general-del-Concierto-Academico-en-el-Auditorio-Sony-04-740x740.jpeg\" alt=\"\"><\/div><div class=\"item__description\"><div class=\"description__wrapper\"><div class=\"post_cats\"><a href=https:\/\/pluralensemble.com\/en\/portfolio-category\/images\/ class=\"portfolio-category\">IMAGES<\/a><\/div><div class=\"item__title\"><h5 class=\"title\"><a href=\"https:\/\/pluralensemble.com\/en\/portfolio\/dress-rehearsal-of-the-academic-concert-at-the-sony-auditorium-of-the-escuela-superior-de-musica-reina-sofia-june-26-2023-pluralensemble-isaac-galan-baritone-isabella-gaudi-soprano\/\" class=\"single_link\">Dress rehearsal of the Academic Concert at the Sony Auditorium of the Escuela Superior de M\u00fasica Reina Sof\u00eda &#8211; June 26, 2023 &#8211; PluralEnsemble, Isaac Gal\u00e1n (baritone), Isabella Gaud\u00ed (soprano)<\/a><\/h5><\/div><\/div><\/div><a href=\"https:\/\/pluralensemble.com\/en\/portfolio\/dress-rehearsal-of-the-academic-concert-at-the-sony-auditorium-of-the-escuela-superior-de-musica-reina-sofia-june-26-2023-pluralensemble-isaac-galan-baritone-isabella-gaudi-soprano\/\" class=\"single_link portfolio_link\"><\/a><\/div><\/article><article class=\"portfolio__item item images\"><div class=\"item__wrapper description_inside_image animation_sub_layer\"><div class=\"item__image\"><img decoding=\"async\" src=\"https:\/\/pluralensemble.com\/wp-content\/uploads\/2024\/04\/Peter-Eotvos-740x740.jpg\" alt=\"\"><\/div><div class=\"item__description\"><div class=\"description__wrapper\"><div class=\"post_cats\"><a href=https:\/\/pluralensemble.com\/en\/portfolio-category\/images\/ class=\"portfolio-category\">IMAGES<\/a><\/div><div class=\"item__title\"><h5 class=\"title\"><a href=\"https:\/\/pluralensemble.com\/en\/portfolio\/concerts-with-peter-eotvos-bbva-foundation-pluralensemble-peter-eotvos-conductor\/\" class=\"single_link\">Concerts with Peter E\u00f6tv\u00f6s &#8211; BBVA Foundation &#8211; PluralEnsemble, Peter E\u00f6tv\u00f6s (conductor)<\/a><\/h5><\/div><\/div><\/div><a href=\"https:\/\/pluralensemble.com\/en\/portfolio\/concerts-with-peter-eotvos-bbva-foundation-pluralensemble-peter-eotvos-conductor\/\" class=\"single_link portfolio_link\"><\/a><\/div><\/article><article class=\"portfolio__item item images\"><div class=\"item__wrapper description_inside_image animation_sub_layer\"><div class=\"item__image\"><img decoding=\"async\" src=\"https:\/\/pluralensemble.com\/wp-content\/uploads\/2024\/04\/soldado_1-740x740.jpg\" alt=\"\"><\/div><div class=\"item__description\"><div class=\"description__wrapper\"><div class=\"post_cats\"><a href=https:\/\/pluralensemble.com\/en\/portfolio-category\/images\/ class=\"portfolio-category\">IMAGES<\/a><\/div><div class=\"item__title\"><h5 class=\"title\"><a href=\"https:\/\/pluralensemble.com\/en\/portfolio\/dress-rehearsal-and-concert-of-igor-stravinskys-a-soldiers-tale-santander-international-music-festival-august-9-2020-pluralensemble-ernesto-alterio-actor\/\" class=\"single_link\">Dress rehearsal and concert of Igor Stravinsky&#8217;s A Soldier&#8217;s Tale &#8211; Santander International Music Festival &#8211; August 9, 2020 &#8211; PluralEnsemble, Ernesto Alterio (actor)<\/a><\/h5><\/div><\/div><\/div><a href=\"https:\/\/pluralensemble.com\/en\/portfolio\/dress-rehearsal-and-concert-of-igor-stravinskys-a-soldiers-tale-santander-international-music-festival-august-9-2020-pluralensemble-ernesto-alterio-actor\/\" class=\"single_link portfolio_link\"><\/a><\/div><\/article><article class=\"portfolio__item item images\"><div class=\"item__wrapper description_inside_image animation_sub_layer\"><div class=\"item__image\"><img decoding=\"async\" src=\"https:\/\/pluralensemble.com\/wp-content\/uploads\/2024\/05\/Viajes-PluralEnsemble_2-740x740.jpg\" alt=\"\"><\/div><div class=\"item__description\"><div class=\"description__wrapper\"><div class=\"post_cats\"><a href=https:\/\/pluralensemble.com\/en\/portfolio-category\/images\/ class=\"portfolio-category\">IMAGES<\/a><\/div><div class=\"item__title\"><h5 class=\"title\"><a href=\"https:\/\/pluralensemble.com\/en\/portfolio\/pluralensembles-travels-and-essays-selection\/\" class=\"single_link\">PluralEnsemble&#8217;s travels and essays (selection)<\/a><\/h5><\/div><\/div><\/div><a href=\"https:\/\/pluralensemble.com\/en\/portfolio\/pluralensembles-travels-and-essays-selection\/\" class=\"single_link portfolio_link\"><\/a><\/div><\/article><article class=\"portfolio__item item images\"><div class=\"item__wrapper description_inside_image animation_sub_layer\"><div class=\"item__image\"><img decoding=\"async\" src=\"https:\/\/pluralensemble.com\/wp-content\/uploads\/2024\/05\/Ensayo-\u00a9Alejandro-Garcia-Ortiz-5-740x740.jpg\" alt=\"\"><\/div><div class=\"item__description\"><div class=\"description__wrapper\"><div class=\"post_cats\"><a href=https:\/\/pluralensemble.com\/en\/portfolio-category\/images\/ class=\"portfolio-category\">IMAGES<\/a><\/div><div class=\"item__title\"><h5 class=\"title\"><a href=\"https:\/\/pluralensemble.com\/en\/portfolio\/pluralensembles-rehearsals-alejandro-garcia-ortiz\/\" class=\"single_link\">PluralEnsemble&#8217;s rehearsals \u00a9 Alejandro Garc\u00eda Ortiz<\/a><\/h5><\/div><\/div><\/div><a href=\"https:\/\/pluralensemble.com\/en\/portfolio\/pluralensembles-rehearsals-alejandro-garcia-ortiz\/\" class=\"single_link portfolio_link\"><\/a><\/div><\/article><article class=\"portfolio__item item images\"><div class=\"item__wrapper description_inside_image animation_sub_layer\"><div class=\"item__image\"><img decoding=\"async\" src=\"https:\/\/pluralensemble.com\/wp-content\/uploads\/2024\/05\/Ciclo-de-Retratos-BBVA-Halffter.-Halffter-y-Ana-Maria-Alonso--740x740.jpg\" alt=\"\"><\/div><div class=\"item__description\"><div class=\"description__wrapper\"><div class=\"post_cats\"><a href=https:\/\/pluralensemble.com\/en\/portfolio-category\/images\/ class=\"portfolio-category\">IMAGES<\/a><\/div><div class=\"item__title\"><h5 class=\"title\"><a href=\"https:\/\/pluralensemble.com\/en\/portfolio\/cristobal-halffter-concert-bbva-foundation-february-16-2010-pluralensemble-cristobal-halffter-conductor\/\" class=\"single_link\">Crist\u00f3bal Halffter Concert &#8211; BBVA Foundation &#8211; February 16, 2010 &#8211; PluralEnsemble, Crist\u00f3bal Halffter (conductor)<\/a><\/h5><\/div><\/div><\/div><a href=\"https:\/\/pluralensemble.com\/en\/portfolio\/cristobal-halffter-concert-bbva-foundation-february-16-2010-pluralensemble-cristobal-halffter-conductor\/\" class=\"single_link portfolio_link\"><\/a><\/div><\/article><\/div><\/div><\/div><\/section>\t\t<\/div>\n\t\t\t\t<\/div>\n\t\t\t\t<div class=\"elementor-element elementor-element-70ed89c3 elementor-widget elementor-widget-spacer\" data-id=\"70ed89c3\" data-element_type=\"widget\" data-widget_type=\"spacer.default\">\n\t\t\t\t<div class=\"elementor-widget-container\">\n\t\t\t\t\t<div class=\"elementor-spacer\">\n\t\t\t<div class=\"elementor-spacer-inner\"><\/div>\n\t\t<\/div>\n\t\t\t\t<\/div>\n\t\t\t\t<\/div>\n\t\t\t\t\t<\/div>\n\t\t<\/div>\n\t\t\t\t\t<\/div>\n\t\t<\/section>\n\t\t<div class=\"elementor-element elementor-element-812015a e-flex e-con-boxed e-con e-parent\" data-id=\"812015a\" data-element_type=\"container\">\n\t\t\t\t\t<div class=\"e-con-inner\">\n\t\t<div class=\"elementor-element elementor-element-24d0516 e-con-full e-flex e-con e-child\" data-id=\"24d0516\" data-element_type=\"container\">\n\t\t\t\t<div class=\"elementor-element elementor-element-2184a10 aleft elementor-widget-icon-box wgl-icon-box elementor-view-default elementor-widget elementor-widget-wgl-info-box\" data-id=\"2184a10\" data-element_type=\"widget\" data-widget_type=\"wgl-info-box.default\">\n\t\t\t\t<div class=\"elementor-widget-container\">\n\t\t\t<div class=\"wgl-infobox\"><div class=\"wgl-infobox_wrapper wgl-layout-top\"><div class=\"media-wrapper icon-wrapper\"><span class=\"wgl-icon\" ><svg class=\"icon elementor-icon e-font-icon-svg e-fas-compact-disc\" aria-hidden=\"true\" viewBox=\"0 0 496 512\" xmlns=\"http:\/\/www.w3.org\/2000\/svg\"><path d=\"M248 8C111 8 0 119 0 256s111 248 248 248 248-111 248-248S385 8 248 8zM88 256H56c0-105.9 86.1-192 192-192v32c-88.2 0-160 71.8-160 160zm160 96c-53 0-96-43-96-96s43-96 96-96 96 43 96 96-43 96-96 96zm0-128c-17.7 0-32 14.3-32 32s14.3 32 32 32 32-14.3 32-32-14.3-32-32-32z\"><\/path><\/svg><\/span><\/div><div class=\"content_wrapper\"><div class=\"wgl-infobox-title_wrapper\"><h3 class=\"wgl-infobox_title\"><span class=\"wgl-infobox_title-idle\">DISCOGRAPHY<\/span><\/h3><\/div><div class=\"wgl-infobox_content\"><p>Access to all the discs recorded since our inception<\/p>\n<\/div><div class=\"wgl-infobox-button_wrapper\"><a href=\"https:\/\/pluralensemble.com\/discografia\/\" class=\"wgl-infobox_button button-read-more  align-icon-left\"><i class=\"read-more-icon flaticon-right\" aria-hidden=\"true\"><\/i><span>view now<\/span><\/a><\/div><\/div><\/div><\/div>\t\t<\/div>\n\t\t\t\t<\/div>\n\t\t\t\t<\/div>\n\t\t<div class=\"elementor-element elementor-element-8b079b1 e-con-full e-flex e-con e-child\" data-id=\"8b079b1\" data-element_type=\"container\">\n\t\t\t\t<div class=\"elementor-element elementor-element-36b25f3 aleft elementor-widget-icon-box wgl-icon-box elementor-view-default elementor-widget elementor-widget-wgl-info-box\" data-id=\"36b25f3\" data-element_type=\"widget\" data-widget_type=\"wgl-info-box.default\">\n\t\t\t\t<div class=\"elementor-widget-container\">\n\t\t\t<div class=\"wgl-infobox\"><div class=\"wgl-infobox_wrapper wgl-layout-top\"><div class=\"media-wrapper icon-wrapper\"><span class=\"wgl-icon\" ><svg class=\"icon elementor-icon e-font-icon-svg e-far-images\" aria-hidden=\"true\" viewBox=\"0 0 576 512\" xmlns=\"http:\/\/www.w3.org\/2000\/svg\"><path d=\"M480 416v16c0 26.51-21.49 48-48 48H48c-26.51 0-48-21.49-48-48V176c0-26.51 21.49-48 48-48h16v48H54a6 6 0 0 0-6 6v244a6 6 0 0 0 6 6h372a6 6 0 0 0 6-6v-10h48zm42-336H150a6 6 0 0 0-6 6v244a6 6 0 0 0 6 6h372a6 6 0 0 0 6-6V86a6 6 0 0 0-6-6zm6-48c26.51 0 48 21.49 48 48v256c0 26.51-21.49 48-48 48H144c-26.51 0-48-21.49-48-48V80c0-26.51 21.49-48 48-48h384zM264 144c0 22.091-17.909 40-40 40s-40-17.909-40-40 17.909-40 40-40 40 17.909 40 40zm-72 96l39.515-39.515c4.686-4.686 12.284-4.686 16.971 0L288 240l103.515-103.515c4.686-4.686 12.284-4.686 16.971 0L480 208v80H192v-48z\"><\/path><\/svg><\/span><\/div><div class=\"content_wrapper\"><div class=\"wgl-infobox-title_wrapper\"><h3 class=\"wgl-infobox_title\"><span class=\"wgl-infobox_title-idle\">im\u00e1genes<\/span><\/h3><\/div><div class=\"wgl-infobox_content\"><p>Access images of Plural Ensemble's concerts and events<\/p>\n<\/div><div class=\"wgl-infobox-button_wrapper\"><a href=\"https:\/\/pluralensemble.com\/gallery\/imagenes\/\" class=\"wgl-infobox_button button-read-more  align-icon-left\"><i class=\"read-more-icon flaticon-right\" aria-hidden=\"true\"><\/i><span>view now<\/span><\/a><\/div><\/div><\/div><\/div>\t\t<\/div>\n\t\t\t\t<\/div>\n\t\t\t\t<\/div>\n\t\t<div class=\"elementor-element elementor-element-8a2ef46 e-con-full e-flex e-con e-child\" data-id=\"8a2ef46\" data-element_type=\"container\">\n\t\t\t\t<div class=\"elementor-element elementor-element-7aeafb8 aleft elementor-widget-icon-box wgl-icon-box elementor-view-default elementor-widget elementor-widget-wgl-info-box\" data-id=\"7aeafb8\" data-element_type=\"widget\" data-widget_type=\"wgl-info-box.default\">\n\t\t\t\t<div class=\"elementor-widget-container\">\n\t\t\t<div class=\"wgl-infobox\"><div class=\"wgl-infobox_wrapper wgl-layout-top\"><div class=\"media-wrapper icon-wrapper\"><span class=\"wgl-icon\" ><svg class=\"icon elementor-icon e-font-icon-svg e-fas-video\" aria-hidden=\"true\" viewBox=\"0 0 576 512\" xmlns=\"http:\/\/www.w3.org\/2000\/svg\"><path d=\"M336.2 64H47.8C21.4 64 0 85.4 0 111.8v288.4C0 426.6 21.4 448 47.8 448h288.4c26.4 0 47.8-21.4 47.8-47.8V111.8c0-26.4-21.4-47.8-47.8-47.8zm189.4 37.7L416 177.3v157.4l109.6 75.5c21.2 14.6 50.4-.3 50.4-25.8V127.5c0-25.4-29.1-40.4-50.4-25.8z\"><\/path><\/svg><\/span><\/div><div class=\"content_wrapper\"><div class=\"wgl-infobox-title_wrapper\"><h3 class=\"wgl-infobox_title\"><span class=\"wgl-infobox_title-idle\">VIDEOS<\/span><\/h3><\/div><div class=\"wgl-infobox_content\"><p>You can view the video gallery of our concerts and events.<\/p>\n<\/div><div class=\"wgl-infobox-button_wrapper\"><a href=\"https:\/\/pluralensemble.com\/en\/sound-and-image\/videos\/\" class=\"wgl-infobox_button button-read-more  align-icon-left\"><i class=\"read-more-icon flaticon-right\" aria-hidden=\"true\"><\/i><span>view now<\/span><\/a><\/div><\/div><\/div><\/div>\t\t<\/div>\n\t\t\t\t<\/div>\n\t\t\t\t<\/div>\n\t\t<div class=\"elementor-element elementor-element-793c6f1 e-con-full e-flex e-con e-child\" data-id=\"793c6f1\" data-element_type=\"container\">\n\t\t\t\t<div class=\"elementor-element elementor-element-1924143 aleft elementor-widget-icon-box wgl-icon-box elementor-view-default elementor-widget elementor-widget-wgl-info-box\" data-id=\"1924143\" data-element_type=\"widget\" data-widget_type=\"wgl-info-box.default\">\n\t\t\t\t<div class=\"elementor-widget-container\">\n\t\t\t<div class=\"wgl-infobox\"><div class=\"wgl-infobox_wrapper wgl-layout-top\"><div class=\"media-wrapper icon-wrapper\"><span class=\"wgl-icon\" ><svg class=\"icon elementor-icon e-font-icon-svg e-fas-music\" aria-hidden=\"true\" viewBox=\"0 0 512 512\" xmlns=\"http:\/\/www.w3.org\/2000\/svg\"><path d=\"M470.38 1.51L150.41 96A32 32 0 0 0 128 126.51v261.41A139 139 0 0 0 96 384c-53 0-96 28.66-96 64s43 64 96 64 96-28.66 96-64V214.32l256-75v184.61a138.4 138.4 0 0 0-32-3.93c-53 0-96 28.66-96 64s43 64 96 64 96-28.65 96-64V32a32 32 0 0 0-41.62-30.49z\"><\/path><\/svg><\/span><\/div><div class=\"content_wrapper\"><div class=\"wgl-infobox-title_wrapper\"><h3 class=\"wgl-infobox_title\"><span class=\"wgl-infobox_title-idle\">AUDIO<\/span><\/h3><\/div><div class=\"wgl-infobox_content\"><p>Full gallery of PluralEnsemble audio files and concerts<\/p>\n<\/div><div class=\"wgl-infobox-button_wrapper\"><a href=\"https:\/\/pluralensemble.com\/en\/sound-and-image\/audio\/\" class=\"wgl-infobox_button button-read-more  align-icon-left\"><i class=\"read-more-icon flaticon-right\" aria-hidden=\"true\"><\/i><span>view now<\/span><\/a><\/div><\/div><\/div><\/div>\t\t<\/div>\n\t\t\t\t<\/div>\n\t\t\t\t<\/div>\n\t\t\t\t\t<\/div>\n\t\t\t\t<\/div>\n\t\t\t\t<\/div>\n\t\t","protected":false},"excerpt":{"rendered":"<p>imagesensemble IM\u00c1GENES Concierto Compositor-Int\u00e9rprete IM\u00c1GENES Concierto Compositor-int\u00e9rprete \u00b7 CNDM \u00b7 27 de febrero de 2023 \u00b7 J\u00f6rg Widmann, David Moliner, Ariadna Alsina, Fabi\u00e1n Panisello, Anna Davidson (soprano) IM\u00c1GENES PluralEnsemble Fotos IM\u00c1GENES Ensayos del Concierto Holliger dirige a Holliger \u00b7 Fundaci\u00f3n BBVA \u00b7 4 de abril de 2023 IM\u00c1GENES Concierto Mantovani dirige a Boulez y Mantovani [&hellip;]<\/p>\n","protected":false},"author":1,"featured_media":7902,"parent":9622,"menu_order":0,"comment_status":"closed","ping_status":"closed","template":"","meta":{"footnotes":""},"class_list":["post-9629","page","type-page","status-publish","has-post-thumbnail","hentry"],"_links":{"self":[{"href":"https:\/\/pluralensemble.com\/en\/wp-json\/wp\/v2\/pages\/9629","targetHints":{"allow":["GET"]}}],"collection":[{"href":"https:\/\/pluralensemble.com\/en\/wp-json\/wp\/v2\/pages"}],"about":[{"href":"https:\/\/pluralensemble.com\/en\/wp-json\/wp\/v2\/types\/page"}],"author":[{"embeddable":true,"href":"https:\/\/pluralensemble.com\/en\/wp-json\/wp\/v2\/users\/1"}],"replies":[{"embeddable":true,"href":"https:\/\/pluralensemble.com\/en\/wp-json\/wp\/v2\/comments?post=9629"}],"version-history":[{"count":12,"href":"https:\/\/pluralensemble.com\/en\/wp-json\/wp\/v2\/pages\/9629\/revisions"}],"predecessor-version":[{"id":11771,"href":"https:\/\/pluralensemble.com\/en\/wp-json\/wp\/v2\/pages\/9629\/revisions\/11771"}],"up":[{"embeddable":true,"href":"https:\/\/pluralensemble.com\/en\/wp-json\/wp\/v2\/pages\/9622"}],"wp:featuredmedia":[{"embeddable":true,"href":"https:\/\/pluralensemble.com\/en\/wp-json\/wp\/v2\/media\/7902"}],"wp:attachment":[{"href":"https:\/\/pluralensemble.com\/en\/wp-json\/wp\/v2\/media?parent=9629"}],"curies":[{"name":"wp","href":"https:\/\/api.w.org\/{rel}","templated":true}]}}