{"id":9664,"date":"2024-05-17T07:50:07","date_gmt":"2024-05-17T07:50:07","guid":{"rendered":"https:\/\/pluralensemble.com\/young-composers-award-winners-from-previous-years\/"},"modified":"2025-08-31T18:10:18","modified_gmt":"2025-08-31T18:10:18","slug":"young-composers-award-winners-from-previous-years","status":"publish","type":"page","link":"https:\/\/pluralensemble.com\/en\/young-composers-award-winners-from-previous-years\/","title":{"rendered":"Young Composers Award winners from previous years"},"content":{"rendered":"\t\t<div data-elementor-type=\"wp-page\" data-elementor-id=\"9664\" class=\"elementor elementor-9664 elementor-6648\">\n\t\t\t\t\t\t<section class=\"elementor-section elementor-top-section elementor-element elementor-element-6290227 elementor-section-boxed elementor-section-height-default elementor-section-height-default\" data-id=\"6290227\" data-element_type=\"section\">\n\t\t\t\t\t\t<div class=\"elementor-container elementor-column-gap-default\">\n\t\t\t\t\t<div class=\"elementor-column elementor-col-100 elementor-top-column elementor-element elementor-element-d48a1a1\" data-id=\"d48a1a1\" data-element_type=\"column\">\n\t\t\t<div class=\"elementor-widget-wrap elementor-element-populated\">\n\t\t\t\t\t\t<div class=\"elementor-element elementor-element-11306f4 aleft elementor-widget elementor-widget-wgl-double-heading\" data-id=\"11306f4\" data-element_type=\"widget\" data-widget_type=\"wgl-double-heading.default\">\n\t\t\t\t<div class=\"elementor-widget-container\">\n\t\t\t<div class=\"wgl-double-heading\"><div class=\"dblh__wrapper\"><h3 class=\"dblh__title-wrapper\"><span class=\"dblh__title dblh__title-1\">WINNERS OF PREVIOUS CALLS<\/span><span class=\"dblh__title dblh__title-2\"> YOUNG COMPOSERS<\/span><\/h3><\/div><\/div>\t\t<\/div>\n\t\t\t\t<\/div>\n\t\t\t\t<div class=\"elementor-element elementor-element-29bc099 elementor-widget elementor-widget-spacer\" data-id=\"29bc099\" data-element_type=\"widget\" data-widget_type=\"spacer.default\">\n\t\t\t\t<div class=\"elementor-widget-container\">\n\t\t\t\t\t<div class=\"elementor-spacer\">\n\t\t\t<div class=\"elementor-spacer-inner\"><\/div>\n\t\t<\/div>\n\t\t\t\t<\/div>\n\t\t\t\t<\/div>\n\t\t\t\t\t<\/div>\n\t\t<\/div>\n\t\t\t\t\t<\/div>\n\t\t<\/section>\n\t\t<div class=\"elementor-element elementor-element-794bf41c e-flex e-con-boxed e-con e-parent\" data-id=\"794bf41c\" data-element_type=\"container\" data-settings=\"{&quot;background_background&quot;:&quot;classic&quot;}\">\n\t\t\t\t\t<div class=\"e-con-inner\">\n\t\t\t\t<div class=\"elementor-element elementor-element-ed23858 elementor-widget elementor-widget-text-editor\" data-id=\"ed23858\" data-element_type=\"widget\" data-widget_type=\"text-editor.default\">\n\t\t\t\t<div class=\"elementor-widget-container\">\n\t\t\t\t\t\t\t<h3 class=\"p5\"><span style=\"color: #1eafa4;\">2024<\/span><\/h3><ul><li><b>Aitor V\u00e1zquez Torres <\/b>\u2013 <i>Credo<\/i><\/li><li><b>Andr\u00e9s Poncela Montalb\u00e1n <\/b>\u2013 <i>El sombrero de Lucky<\/i><hr \/><\/li><\/ul><h3>\u00a0<\/h3><h3 class=\"p5\"><span style=\"color: #1eafa4;\">2023<\/span><\/h3><ul><li><b>Josu\u00e8 Blanco <\/b>\u2013 <i>Situaci\u00f3n insostenible<\/i><\/li><li><b>Aar\u00f3n Esteve <\/b>\u2013 <i><i>Recurrencia<\/i><\/i><br \/><hr \/><p>\u00a0<\/p><\/li><\/ul><h3 class=\"p5\"><span style=\"color: #1eafa4;\">2022<\/span><\/h3><ul><li class=\"p4\"><b>Erney Acosta<\/b> \u2013 Escenas nocturnas<\/li><li class=\"p4\"><b>Erick Garc\u00e9s Ram\u00edrez<\/b> \u2013 <em><span class=\"s11\"><span class=\"s11\">+42\u00baC<\/span><\/span><\/em><br \/><hr \/><\/li><\/ul><h3 class=\"p5\"><span style=\"color: #1eafa4;\">2021<\/span><\/h3><ul><li class=\"p7\"><strong>Sevan Gharibian<\/strong> <span class=\"s5\">\u2013 <\/span><em><span class=\"s8\">Five <\/span><span class=\"s9\">Moons<\/span><\/em><\/li><li class=\"p7\"><strong>Pablo Dom\u00ednguez<\/strong> <span class=\"s5\">\u2013 <\/span><em><span class=\"s8\"><span class=\"s8\">Eleg\u00eda<\/span><\/span><\/em><br \/><hr \/><\/li><\/ul><h3 class=\"p5\"><span style=\"color: #1eafa4;\">2020<\/span><\/h3><ul><li class=\"p7\"><strong>Diego Parra<\/strong> \u2013<em>Kaleidoscope<\/em><\/li><li class=\"p7\"><strong>\u00c1lvar Llus\u00e0<\/strong>&#8211;<strong>Damiani<\/strong> &#8211; <em>Ikeru<\/em><br \/><hr \/><\/li><\/ul><h3 class=\"p5\"><span style=\"color: #1eafa4;\">2019<\/span><\/h3><ul><li class=\"p5\"><strong>Jos\u00e9 Benjam\u00edn Gonz\u00e1lez Gomis<\/strong> &#8211; <em>Cives aetherei<\/em><\/li><li class=\"p4\"><strong>Javier Quislant<\/strong> &#8211; <em>Nun<\/em><br \/><hr \/><\/li><\/ul><h3 class=\"p5\"><span style=\"color: #1eafa4;\">2018<\/span><\/h3><ul><li class=\"p5\"><strong>In\u00e9s Badalo<\/strong> \u2013 <em>Trigramas<\/em><\/li><li class=\"p4\"><strong>Alejandro Arrocha<\/strong> \u2013 <em>Rust<\/em><br \/><hr \/><\/li><\/ul><h3 class=\"p5\"><span style=\"color: #1eafa4;\">2017<\/span><\/h3><ul><li class=\"p5\"><b>Carlos N\u00fa\u00f1ez &#8211;<\/b><i> Landscape I<\/i><\/li><li class=\"p5\"><b>Sergi Puig &#8211;<\/b><i> ANON<\/i><\/li><li class=\"p5\"><b>Brais Novoa &#8211;<\/b><i><i> Reflejos rotos<\/i><\/i><br \/><hr \/><\/li><\/ul><h3 class=\"p5\"><span style=\"color: #1eafa4;\">2016<\/span><\/h3><ul><li class=\"p5\"><strong>Adri\u00e1n Democ<\/strong> \u2013 <i>Kvarteto<\/i><\/li><li class=\"p5\"><strong>Francisco Jos\u00e9 Andreo G\u00e1zquez<\/strong> \u2013 <i>Fr\u00edo de L\u00edmites<\/i><\/li><li class=\"p5\"><strong>David Ant\u00fanez<\/strong> \u2013 <i><i>Aura<\/i><\/i><br \/><hr \/><\/li><\/ul><h3 class=\"p5\"><span style=\"color: #1eafa4;\">2015<\/span><\/h3><ul><li class=\"p6\"><b>Joan Magran\u00e9 Figuera<\/b> &#8211; S<i>ourd-muet-aveugle<\/i><\/li><li class=\"p6\"><b>Israel Estelche<\/b> &#8211; <i>L\u00ednea quebrada<\/i><\/li><\/ul><hr \/><h3 class=\"p5\"><span style=\"color: #1eafa4;\">2014<\/span><\/h3><ul><li class=\"p4\"><b>Rodrigo Ortiz Serrano<\/b> \u2013 <em>Effect 6.4956441<\/em><\/li><li class=\"p4\"><b>Ignacio Ferrando \u2013<\/b> <i><i>Impulsos<\/i><\/i><br \/><hr \/><\/li><\/ul><h3 class=\"p5\"><span style=\"color: #1eafa4;\">2013<\/span><\/h3><ul><li class=\"p5\"><b>Alberto Carretero<\/b> <em>Quantum<\/em><\/li><li class=\"p5\"><b>Diego Jim\u00e9nez Tamame &#8211; <\/b><em>About blod, pulse and misty minds<\/em><br \/><hr \/><\/li><\/ul><h3 class=\"p5\"><span style=\"color: #1eafa4;\">2012<\/span><\/h3><ul><li class=\"p4\"><b>Mateu Malondra Flaquer<\/b> \u2013 <i>Geometr\u00eda del amor<\/i><\/li><li class=\"p5\"><b>Juan Manuel Eiras<\/b> \u2013 <i><i>Samhain<\/i><\/i><br \/><hr \/><\/li><\/ul><h3 class=\"p5\"><span style=\"color: #1eafa4;\">2011<\/span><\/h3><ul><li class=\"p2\"><b>Mario Carro<\/b>: <em>Transparencias<\/em><\/li><li class=\"p2\"><b>Carlos Fontcuberta<\/b>: <em>Perdi\u00e9ndose en el rumor de la memoria<\/em><\/li><li class=\"p3\"><b>Marc Garc\u00eda Vitoria<\/b><span class=\"s5\"><span class=\"s5\">: <em>Plastic trio<\/em><\/span><\/span><br \/><hr \/><\/li><\/ul><p class=\"p9\">\u00a0<\/p>\t\t\t\t\t\t<\/div>\n\t\t\t\t<\/div>\n\t\t\t\t<div class=\"elementor-element elementor-element-7ced76d aright elementor-widget-icon-box wgl-icon-box elementor-widget elementor-widget-wgl-button\" data-id=\"7ced76d\" data-element_type=\"widget\" data-widget_type=\"wgl-button.default\">\n\t\t\t\t<div class=\"elementor-widget-container\">\n\t\t\t<a class=\"wgl-button btn-size-lg \" role=\"button\" href=\"https:\/\/pluralensemble.com\/en\/calendar-2023-2024\/young-composers\/:\/\/pluralensemble.com\/en\/agenda\/young-composers\/\"><div class=\"button__content align-icon-left\"><div class=\"media-wrapper icon-wrapper\"><span class=\"wgl-icon\" ><i class=\"icon elementor-icon flaticon-right\" aria-hidden=\"true\"><\/i><\/span><\/div><span class=\"button__text\">YOUNG COMPOSERS<\/span><\/div><\/a>\t\t<\/div>\n\t\t\t\t<\/div>\n\t\t\t\t\t<\/div>\n\t\t\t\t<\/div>\n\t\t\t\t<\/div>\n\t\t","protected":false},"excerpt":{"rendered":"<p>WINNERS OF PREVIOUS CALLS YOUNG COMPOSERS 2024 Aitor V\u00e1zquez Torres \u2013 Credo Andr\u00e9s Poncela Montalb\u00e1n \u2013 El sombrero de Lucky \u00a0 2023 Josu\u00e8 Blanco \u2013 Situaci\u00f3n insostenible Aar\u00f3n Esteve \u2013 Recurrencia \u00a0 2022 Erney Acosta \u2013 Escenas nocturnas Erick Garc\u00e9s Ram\u00edrez \u2013 +42\u00baC 2021 Sevan Gharibian \u2013 Five Moons Pablo Dom\u00ednguez \u2013 Eleg\u00eda 2020 Diego [&hellip;]<\/p>\n","protected":false},"author":1,"featured_media":0,"parent":0,"menu_order":0,"comment_status":"closed","ping_status":"closed","template":"","meta":{"footnotes":""},"class_list":["post-9664","page","type-page","status-publish","hentry"],"_links":{"self":[{"href":"https:\/\/pluralensemble.com\/en\/wp-json\/wp\/v2\/pages\/9664","targetHints":{"allow":["GET"]}}],"collection":[{"href":"https:\/\/pluralensemble.com\/en\/wp-json\/wp\/v2\/pages"}],"about":[{"href":"https:\/\/pluralensemble.com\/en\/wp-json\/wp\/v2\/types\/page"}],"author":[{"embeddable":true,"href":"https:\/\/pluralensemble.com\/en\/wp-json\/wp\/v2\/users\/1"}],"replies":[{"embeddable":true,"href":"https:\/\/pluralensemble.com\/en\/wp-json\/wp\/v2\/comments?post=9664"}],"version-history":[{"count":16,"href":"https:\/\/pluralensemble.com\/en\/wp-json\/wp\/v2\/pages\/9664\/revisions"}],"predecessor-version":[{"id":14000,"href":"https:\/\/pluralensemble.com\/en\/wp-json\/wp\/v2\/pages\/9664\/revisions\/14000"}],"wp:attachment":[{"href":"https:\/\/pluralensemble.com\/en\/wp-json\/wp\/v2\/media?parent=9664"}],"curies":[{"name":"wp","href":"https:\/\/api.w.org\/{rel}","templated":true}]}}